{"id":3960765,"date":"2026-04-16T01:59:02","date_gmt":"2026-04-15T23:59:02","guid":{"rendered":"https:\/\/streetmarkets.fr\/app\/produit\/sweatshirt-hoodie-zippe-coeur-future-s26-homme-gris-chine-clair\/"},"modified":"2026-05-12T01:57:08","modified_gmt":"2026-05-11T23:57:08","slug":"sweatshirt-hoodie-zippe-coeur-future-s26-homme-gris-chine-clair","status":"publish","type":"product","link":"https:\/\/streetmarkets.fr\/app\/produit\/sweatshirt-hoodie-zippe-coeur-future-s26-homme-gris-chine-clair\/","title":{"rendered":"Sweatshirt Hoodie Zipp\u00e9 C\u0153ur &#8220;Future&#8221; (S26 \/ HOMME \/ Gris Chine Clair)"},"content":{"rendered":"<p>L&#8217;un de nos sweatshirts iconiques, ce hoodie zipp\u00e9 en coton mise sur une silhouette d\u00e9contract\u00e9e et graphique. Il se distingue par son c\u0153ur signature floqu\u00e9 sur la poitrine int\u00e9grant le logo &#8220;Future&#8221;, apportant une touche moderne et reconnaissable \u00e0 cet indispensable du vestiaire urbain.<\/p>\n<p>&#8211; Sweatshirt \u00e0 capuche zipp\u00e9 en coton<br \/>\n<br \/>&#8211; Coupe oversize<br \/>\n<br \/>&#8211; C\u0153ur &#8220;Future&#8221; floqu\u00e9 sur la poitrine<br \/>\n<br \/>&#8211; Fermeture zipp\u00e9e m\u00e9tallique<br \/>\n<br \/>&#8211; Poche kangourou<br \/>\n<br \/>&#8211; Finitions bords-c\u00f4tes<br \/>\n<br \/>&#8211; 100% Coton<\/p>\n","protected":false},"excerpt":{"rendered":"<p>L&#8217;un de nos sweatshirts iconiques, ce hoodie zipp\u00e9 en coton mise sur une silhouette d\u00e9contract\u00e9e et graphique. Il se distingue par son c\u0153ur signature floqu\u00e9 sur la poitrine int\u00e9grant le logo &#8220;Future&#8221;, apportant une touche moderne et reconnaissable \u00e0 cet indispensable du vestiaire urbain. &#8211; Sweatshirt \u00e0 capuche zipp\u00e9 en coton &#8211; Coupe oversize &#8211; [&hellip;]<\/p>\n","protected":false},"featured_media":3960766,"comment_status":"open","ping_status":"closed","template":"","meta":[],"product_brand":[6868],"product_cat":[],"product_tag":[],"acf":[],"_links":{"self":[{"href":"https:\/\/streetmarkets.fr\/app\/wp-json\/wp\/v2\/product\/3960765"}],"collection":[{"href":"https:\/\/streetmarkets.fr\/app\/wp-json\/wp\/v2\/product"}],"about":[{"href":"https:\/\/streetmarkets.fr\/app\/wp-json\/wp\/v2\/types\/product"}],"replies":[{"embeddable":true,"href":"https:\/\/streetmarkets.fr\/app\/wp-json\/wp\/v2\/comments?post=3960765"}],"wp:featuredmedia":[{"embeddable":true,"href":"https:\/\/streetmarkets.fr\/app\/wp-json\/wp\/v2\/media\/3960766"}],"wp:attachment":[{"href":"https:\/\/streetmarkets.fr\/app\/wp-json\/wp\/v2\/media?parent=3960765"}],"wp:term":[{"taxonomy":"product_brand","embeddable":true,"href":"https:\/\/streetmarkets.fr\/app\/wp-json\/wp\/v2\/product_brand?post=3960765"},{"taxonomy":"product_cat","embeddable":true,"href":"https:\/\/streetmarkets.fr\/app\/wp-json\/wp\/v2\/product_cat?post=3960765"},{"taxonomy":"product_tag","embeddable":true,"href":"https:\/\/streetmarkets.fr\/app\/wp-json\/wp\/v2\/product_tag?post=3960765"}],"curies":[{"name":"wp","href":"https:\/\/api.w.org\/{rel}","templated":true}]}}