{"id":3955448,"date":"2026-04-15T02:03:58","date_gmt":"2026-04-15T00:03:58","guid":{"rendered":"https:\/\/streetmarkets.fr\/app\/produit\/fob-factory-143-straight-5p-rocky-selvedge\/"},"modified":"2026-05-09T02:04:04","modified_gmt":"2026-05-09T00:04:04","slug":"fob-factory-143-straight-5p-rocky-selvedge","status":"publish","type":"product","link":"https:\/\/streetmarkets.fr\/app\/produit\/fob-factory-143-straight-5p-rocky-selvedge\/","title":{"rendered":"FOB FACTORY 143 Straight 5P Rocky Selvedge"},"content":{"rendered":"<p><b>Cr\u00e9ateur :<\/b> FOB FACTORY, Japan<\/p>\n<p><b>Detail : <\/b><span class=\"Y2IQFc\" lang=\"fr\">Jean Selvedge Droit 5 poches, coupe d\u00e9contract\u00e9e, jambe droite, taille haute<\/span><\/p>\n<p><span class=\"Y2IQFc\" lang=\"fr\">Denim selvedge japonais 14 oz, pr\u00e9lav\u00e9 (une fois) <\/span><\/p>\n<p><span class=\"Y2IQFc\" lang=\"fr\">Indigo 100 % cotonDenim selvedge japonais 14 oz\u00a0<\/span><\/p>\n<p><b><\/b>Code : <span class=\"Y2IQFc\" lang=\"fr\">F143 <\/span><\/p>\n<p><em><span class=\"Y2IQFc\" lang=\"en\">Details : <\/span><span class=\"Y2IQFc\" lang=\"en\">Straight-leg selvedge jeans, 5-pocket style, relaxed fit, straight leg, high waist 14 oz Japanese selvedge denim, pre-washed (once) Indigo 100% cotton, 14 oz Japanese selvedge denim<\/span><\/em><\/p>\n","protected":false},"excerpt":{"rendered":"<p>Cr\u00e9ateur : FOB FACTORY, Japan Detail : Jean Selvedge Droit 5 poches, coupe d\u00e9contract\u00e9e, jambe droite, taille haute Denim selvedge japonais 14 oz, pr\u00e9lav\u00e9 (une fois) Indigo 100 % cotonDenim selvedge japonais 14 oz\u00a0 Code : F143 Details : Straight-leg selvedge jeans, 5-pocket style, relaxed fit, straight leg, high waist 14 oz Japanese selvedge denim, [&hellip;]<\/p>\n","protected":false},"featured_media":3955449,"comment_status":"open","ping_status":"closed","template":"","meta":[],"product_brand":[],"product_cat":[],"product_tag":[],"acf":[],"_links":{"self":[{"href":"https:\/\/streetmarkets.fr\/app\/wp-json\/wp\/v2\/product\/3955448"}],"collection":[{"href":"https:\/\/streetmarkets.fr\/app\/wp-json\/wp\/v2\/product"}],"about":[{"href":"https:\/\/streetmarkets.fr\/app\/wp-json\/wp\/v2\/types\/product"}],"replies":[{"embeddable":true,"href":"https:\/\/streetmarkets.fr\/app\/wp-json\/wp\/v2\/comments?post=3955448"}],"wp:featuredmedia":[{"embeddable":true,"href":"https:\/\/streetmarkets.fr\/app\/wp-json\/wp\/v2\/media\/3955449"}],"wp:attachment":[{"href":"https:\/\/streetmarkets.fr\/app\/wp-json\/wp\/v2\/media?parent=3955448"}],"wp:term":[{"taxonomy":"product_brand","embeddable":true,"href":"https:\/\/streetmarkets.fr\/app\/wp-json\/wp\/v2\/product_brand?post=3955448"},{"taxonomy":"product_cat","embeddable":true,"href":"https:\/\/streetmarkets.fr\/app\/wp-json\/wp\/v2\/product_cat?post=3955448"},{"taxonomy":"product_tag","embeddable":true,"href":"https:\/\/streetmarkets.fr\/app\/wp-json\/wp\/v2\/product_tag?post=3955448"}],"curies":[{"name":"wp","href":"https:\/\/api.w.org\/{rel}","templated":true}]}}