{"id":3954495,"date":"2026-04-15T01:20:48","date_gmt":"2026-04-14T23:20:48","guid":{"rendered":"https:\/\/streetmarkets.fr\/app\/produit\/cabas-samba-leopard-tapenade\/"},"modified":"2026-05-13T01:20:05","modified_gmt":"2026-05-12T23:20:05","slug":"cabas-samba-leopard-tapenade","status":"publish","type":"product","link":"https:\/\/streetmarkets.fr\/app\/produit\/cabas-samba-leopard-tapenade\/","title":{"rendered":"Cabas Samba L\u00e9opard Tapenade"},"content":{"rendered":"<p data-mce-fragment=\"1\"><span style=\"text-decoration: underline\"><strong><a href=\"https:\/\/frenchtouche.com\/collections\/apaches-collections\" title=\"Apaches Collections\">Collection Apaches<\/a><\/strong><\/span><\/p>\n<p data-mce-fragment=\"1\"><span>Ultra pratique, le\u00a0cabas Samba sera utile au quotidien pour le bureau, pour les cours de sport ou encore pour transporter le n\u00e9cessaire des enfants. \u00c0 emporter lors d\u2019un pique-nique ou pour les vir\u00e9es week-end !<\/span><\/p>\n<p data-mce-fragment=\"1\">Grand\u00a0cabas design\u00e9 avec le tissu exclusif imagin\u00e9 par les cr\u00e9atrices de la marque et sublim\u00e9 par la technique du blockprint.<\/p>\n<ul>\n<li>100% coton\n<\/li>\n<li>Hauteur sans les anses : 36 cm \/ Largeur : 43 cm \/ Profondeur : 16 cm<\/li>\n<li>Longueur des anses : 30 cm<\/li>\n<li>Mati\u00e8re matelass\u00e9e<\/li>\n<li>Poche plaqu\u00e9e \u00e0 l&#8217;int\u00e9rieur\n<\/li>\n<li>Confectionn\u00e9\u00a0en Inde<\/li>\n<li>Lavable en machine \u00e0 30\u00b0 cycle d\u00e9licat, pas d\u2019essorage, pas de s\u00e8che-linge<\/li>\n<li>Le block-print indien consiste \u00e0 imprimer \u00e0 la main, gr\u00e2ce \u00e0 des tampons taill\u00e9s dans le bois, des motifs aux couleurs r\u00e9alis\u00e9es \u00e0 partir d&#8217;un m\u00e9lange de pigments naturels. Respectueux de l&#8217;environnement, ce tissu ne contient aucun produit chimique car les couleurs sont fix\u00e9es gr\u00e2ce \u00e0 un m\u00e9lange d&#8217;eau et de vinaigre blanc<\/li>\n<\/ul>\n","protected":false},"excerpt":{"rendered":"<p>Collection Apaches Ultra pratique, le\u00a0cabas Samba sera utile au quotidien pour le bureau, pour les cours de sport ou encore pour transporter le n\u00e9cessaire des enfants. \u00c0 emporter lors d\u2019un pique-nique ou pour les vir\u00e9es week-end ! Grand\u00a0cabas design\u00e9 avec le tissu exclusif imagin\u00e9 par les cr\u00e9atrices de la marque et sublim\u00e9 par la technique [&hellip;]<\/p>\n","protected":false},"featured_media":3954496,"comment_status":"open","ping_status":"closed","template":"","meta":[],"product_brand":[],"product_cat":[],"product_tag":[],"acf":[],"_links":{"self":[{"href":"https:\/\/streetmarkets.fr\/app\/wp-json\/wp\/v2\/product\/3954495"}],"collection":[{"href":"https:\/\/streetmarkets.fr\/app\/wp-json\/wp\/v2\/product"}],"about":[{"href":"https:\/\/streetmarkets.fr\/app\/wp-json\/wp\/v2\/types\/product"}],"replies":[{"embeddable":true,"href":"https:\/\/streetmarkets.fr\/app\/wp-json\/wp\/v2\/comments?post=3954495"}],"wp:featuredmedia":[{"embeddable":true,"href":"https:\/\/streetmarkets.fr\/app\/wp-json\/wp\/v2\/media\/3954496"}],"wp:attachment":[{"href":"https:\/\/streetmarkets.fr\/app\/wp-json\/wp\/v2\/media?parent=3954495"}],"wp:term":[{"taxonomy":"product_brand","embeddable":true,"href":"https:\/\/streetmarkets.fr\/app\/wp-json\/wp\/v2\/product_brand?post=3954495"},{"taxonomy":"product_cat","embeddable":true,"href":"https:\/\/streetmarkets.fr\/app\/wp-json\/wp\/v2\/product_cat?post=3954495"},{"taxonomy":"product_tag","embeddable":true,"href":"https:\/\/streetmarkets.fr\/app\/wp-json\/wp\/v2\/product_tag?post=3954495"}],"curies":[{"name":"wp","href":"https:\/\/api.w.org\/{rel}","templated":true}]}}