{"id":3954488,"date":"2026-04-15T01:20:47","date_gmt":"2026-04-14T23:20:47","guid":{"rendered":"https:\/\/streetmarkets.fr\/app\/produit\/chouchou-manju-leopard\/"},"modified":"2026-05-11T01:18:31","modified_gmt":"2026-05-10T23:18:31","slug":"chouchou-manju-leopard","status":"publish","type":"product","link":"https:\/\/streetmarkets.fr\/app\/produit\/chouchou-manju-leopard\/","title":{"rendered":"Chouchou Manju L\u00e9opard"},"content":{"rendered":"<p><strong style=\"font-family: -apple-system, BlinkMacSystemFont, 'San Francisco', 'Segoe UI', Roboto, 'Helvetica Neue', sans-serif;font-size: 0.875rem\"><a href=\"https:\/\/frenchtouche.com\/collections\/apaches-collections\" title=\"Apaches Collections\">Collection Apaches<\/a><\/strong><\/p>\n<p><span>Au poign\u00e9e ou dans les cheveux, \u00e0 offrir ou \u00e0 s&#8217;offrir, ces jolis chouchous illumineront vos looks et votre hiver !<\/span><\/p>\n<p>100% coton.<br \/>Diam\u00e8tre environ 12 cm.<\/p>\n<p><span>Confectionn\u00e9 en Inde.<\/span><\/p>\n","protected":false},"excerpt":{"rendered":"<p>Collection Apaches Au poign\u00e9e ou dans les cheveux, \u00e0 offrir ou \u00e0 s&#8217;offrir, ces jolis chouchous illumineront vos looks et votre hiver ! 100% coton.Diam\u00e8tre environ 12 cm. Confectionn\u00e9 en Inde.<\/p>\n","protected":false},"featured_media":3954489,"comment_status":"open","ping_status":"closed","template":"","meta":[],"product_brand":[],"product_cat":[],"product_tag":[],"acf":[],"_links":{"self":[{"href":"https:\/\/streetmarkets.fr\/app\/wp-json\/wp\/v2\/product\/3954488"}],"collection":[{"href":"https:\/\/streetmarkets.fr\/app\/wp-json\/wp\/v2\/product"}],"about":[{"href":"https:\/\/streetmarkets.fr\/app\/wp-json\/wp\/v2\/types\/product"}],"replies":[{"embeddable":true,"href":"https:\/\/streetmarkets.fr\/app\/wp-json\/wp\/v2\/comments?post=3954488"}],"wp:featuredmedia":[{"embeddable":true,"href":"https:\/\/streetmarkets.fr\/app\/wp-json\/wp\/v2\/media\/3954489"}],"wp:attachment":[{"href":"https:\/\/streetmarkets.fr\/app\/wp-json\/wp\/v2\/media?parent=3954488"}],"wp:term":[{"taxonomy":"product_brand","embeddable":true,"href":"https:\/\/streetmarkets.fr\/app\/wp-json\/wp\/v2\/product_brand?post=3954488"},{"taxonomy":"product_cat","embeddable":true,"href":"https:\/\/streetmarkets.fr\/app\/wp-json\/wp\/v2\/product_cat?post=3954488"},{"taxonomy":"product_tag","embeddable":true,"href":"https:\/\/streetmarkets.fr\/app\/wp-json\/wp\/v2\/product_tag?post=3954488"}],"curies":[{"name":"wp","href":"https:\/\/api.w.org\/{rel}","templated":true}]}}