{"id":3954451,"date":"2026-04-15T01:20:44","date_gmt":"2026-04-14T23:20:44","guid":{"rendered":"https:\/\/streetmarkets.fr\/app\/produit\/enveloppe-sunny-denim\/"},"modified":"2026-05-13T01:20:05","modified_gmt":"2026-05-12T23:20:05","slug":"enveloppe-sunny-denim","status":"publish","type":"product","link":"https:\/\/streetmarkets.fr\/app\/produit\/enveloppe-sunny-denim\/","title":{"rendered":"Enveloppe Sunny Denim"},"content":{"rendered":"<p data-mce-fragment=\"1\"><span style=\"text-decoration: underline\"><strong><a href=\"https:\/\/frenchtouche.com\/collections\/apaches-collections\" title=\"Apaches Collections\">Collection Apaches<\/a><\/strong><\/span><\/p>\n<p data-mce-fragment=\"1\"><span data-mce-fragment=\"1\">La\u00a0pochette Sunny en coton matelass\u00e9 et ses mille utilit\u00e9s ! Elle sera id\u00e9ale en guise d&#8217;\u00e9tui pour prot\u00e9ger vos lunettes, comme trousse pour y glisser vos stylos ou bijoux. Facile \u00e0 glisser dans son sac, l&#8217;enveloppe Sunny vous suivra partout !<\/span><\/p>\n<p data-mce-fragment=\"1\">\u00a0<em data-mce-fragment=\"1\">L&#8217;enveloppe Sunny est confectionn\u00e9e dans un tissu Khadi indien, 100% coton. C&#8217;est un tissu traditionnel tiss\u00e9 et fil\u00e9 \u00e0 la main dans le respect de l&#8217;environnement. Le Khadi est une mati\u00e8re unique de par son tissage artisanal et peut parfois pr\u00e9senter de petites imperfections qui font tout le charme et l&#8217;authenticit\u00e9 du Khadi.<\/em><\/p>\n<ul>\n<li>100% coton<\/li>\n<li>Environ 17,5 x 8,5 cm<\/li>\n<li>Fermeture par bouton pression<\/li>\n<li>Imprim\u00e9 exclusif<\/li>\n<li>Lavable en machine \u00e0 30\u00b0 cycle d\u00e9licat, pas d\u2019essorage, pas de s\u00e8che-linge<\/li>\n<li>Confectionn\u00e9e en Inde<\/li>\n<li>Le block-print indien consiste \u00e0 imprimer \u00e0 la main, gr\u00e2ce \u00e0 des tampons taill\u00e9s dans le bois, des motifs aux couleurs r\u00e9alis\u00e9es \u00e0 partir d&#8217;un m\u00e9lange de pigments naturels. Respectueux de l&#8217;environnement, ce tissu ne contient aucun produit chimique car les couleurs sont fix\u00e9es gr\u00e2ce \u00e0 un m\u00e9lange d&#8217;eau et de vinaigre blanc. Cette confection manuelle peut entra\u00eener certaines &#8220;irr\u00e9gularit\u00e9s&#8221; qui font tout son charme<\/li>\n<\/ul>\n","protected":false},"excerpt":{"rendered":"<p>Collection Apaches La\u00a0pochette Sunny en coton matelass\u00e9 et ses mille utilit\u00e9s ! Elle sera id\u00e9ale en guise d&#8217;\u00e9tui pour prot\u00e9ger vos lunettes, comme trousse pour y glisser vos stylos ou bijoux. Facile \u00e0 glisser dans son sac, l&#8217;enveloppe Sunny vous suivra partout ! \u00a0L&#8217;enveloppe Sunny est confectionn\u00e9e dans un tissu Khadi indien, 100% coton. C&#8217;est [&hellip;]<\/p>\n","protected":false},"featured_media":3954452,"comment_status":"open","ping_status":"closed","template":"","meta":[],"product_brand":[],"product_cat":[],"product_tag":[],"acf":[],"_links":{"self":[{"href":"https:\/\/streetmarkets.fr\/app\/wp-json\/wp\/v2\/product\/3954451"}],"collection":[{"href":"https:\/\/streetmarkets.fr\/app\/wp-json\/wp\/v2\/product"}],"about":[{"href":"https:\/\/streetmarkets.fr\/app\/wp-json\/wp\/v2\/types\/product"}],"replies":[{"embeddable":true,"href":"https:\/\/streetmarkets.fr\/app\/wp-json\/wp\/v2\/comments?post=3954451"}],"wp:featuredmedia":[{"embeddable":true,"href":"https:\/\/streetmarkets.fr\/app\/wp-json\/wp\/v2\/media\/3954452"}],"wp:attachment":[{"href":"https:\/\/streetmarkets.fr\/app\/wp-json\/wp\/v2\/media?parent=3954451"}],"wp:term":[{"taxonomy":"product_brand","embeddable":true,"href":"https:\/\/streetmarkets.fr\/app\/wp-json\/wp\/v2\/product_brand?post=3954451"},{"taxonomy":"product_cat","embeddable":true,"href":"https:\/\/streetmarkets.fr\/app\/wp-json\/wp\/v2\/product_cat?post=3954451"},{"taxonomy":"product_tag","embeddable":true,"href":"https:\/\/streetmarkets.fr\/app\/wp-json\/wp\/v2\/product_tag?post=3954451"}],"curies":[{"name":"wp","href":"https:\/\/api.w.org\/{rel}","templated":true}]}}