{"id":3954370,"date":"2026-04-15T01:17:18","date_gmt":"2026-04-14T23:17:18","guid":{"rendered":"https:\/\/streetmarkets.fr\/app\/produit\/pins-pasteque\/"},"modified":"2026-05-16T01:15:42","modified_gmt":"2026-05-15T23:15:42","slug":"pins-pasteque","status":"publish","type":"product","link":"https:\/\/streetmarkets.fr\/app\/produit\/pins-pasteque\/","title":{"rendered":"Pin&#8217;s Past\u00e8que"},"content":{"rendered":"<div class=\"rte-content\" id=\"product-description-short-41\">\n<strong><a title=\"Collection Coucou Suzette\" href=\"\/collections\/coucou-suzette\">Collection Coucou Suzette<\/a><\/strong>\u00a0<\/div>\n<div class=\"rte-content\"><\/div>\n<div class=\"rte-content\">\n<p><span>Hop, un joli quartier de past\u00e8que pour s\u2019hydrater d\u00e9licieusement pendant toute la saison estivale !<\/span><\/p>\n<\/div>\n<div class=\"rte-content\">\n<ul>\n<li><em><span>Composition : laiton et couleurs cloisonn\u00e9es<\/span><\/em><\/li>\n<li><em>Attache papillon<\/em><\/li>\n<li><i>Longueur de la tige : 7 mm<\/i><\/li>\n<li><i><span>Fabriqu\u00e9 en Chine dans une usine audit\u00e9e<\/span><\/i><\/li>\n<\/ul>\n<\/div>\n","protected":false},"excerpt":{"rendered":"<p>Collection Coucou Suzette\u00a0 Hop, un joli quartier de past\u00e8que pour s\u2019hydrater d\u00e9licieusement pendant toute la saison estivale ! Composition : laiton et couleurs cloisonn\u00e9es Attache papillon Longueur de la tige : 7 mm Fabriqu\u00e9 en Chine dans une usine audit\u00e9e<\/p>\n","protected":false},"featured_media":3954371,"comment_status":"open","ping_status":"closed","template":"","meta":[],"product_brand":[],"product_cat":[],"product_tag":[],"acf":[],"_links":{"self":[{"href":"https:\/\/streetmarkets.fr\/app\/wp-json\/wp\/v2\/product\/3954370"}],"collection":[{"href":"https:\/\/streetmarkets.fr\/app\/wp-json\/wp\/v2\/product"}],"about":[{"href":"https:\/\/streetmarkets.fr\/app\/wp-json\/wp\/v2\/types\/product"}],"replies":[{"embeddable":true,"href":"https:\/\/streetmarkets.fr\/app\/wp-json\/wp\/v2\/comments?post=3954370"}],"wp:featuredmedia":[{"embeddable":true,"href":"https:\/\/streetmarkets.fr\/app\/wp-json\/wp\/v2\/media\/3954371"}],"wp:attachment":[{"href":"https:\/\/streetmarkets.fr\/app\/wp-json\/wp\/v2\/media?parent=3954370"}],"wp:term":[{"taxonomy":"product_brand","embeddable":true,"href":"https:\/\/streetmarkets.fr\/app\/wp-json\/wp\/v2\/product_brand?post=3954370"},{"taxonomy":"product_cat","embeddable":true,"href":"https:\/\/streetmarkets.fr\/app\/wp-json\/wp\/v2\/product_cat?post=3954370"},{"taxonomy":"product_tag","embeddable":true,"href":"https:\/\/streetmarkets.fr\/app\/wp-json\/wp\/v2\/product_tag?post=3954370"}],"curies":[{"name":"wp","href":"https:\/\/api.w.org\/{rel}","templated":true}]}}