{"id":3946133,"date":"2026-04-14T00:58:28","date_gmt":"2026-04-13T22:58:28","guid":{"rendered":"https:\/\/streetmarkets.fr\/app\/produit\/mono-boucle-double-coeur\/"},"modified":"2026-05-12T00:58:37","modified_gmt":"2026-05-11T22:58:37","slug":"mono-boucle-double-coeur","status":"publish","type":"product","link":"https:\/\/streetmarkets.fr\/app\/produit\/mono-boucle-double-coeur\/","title":{"rendered":"Mono Boucle Double Coeur"},"content":{"rendered":"<p data-start=\"94\" data-end=\"154\" class=\"\">Mono Boucle Double C\u0153ur :\u00a0Un coup de c\u0153ur assum\u00e9 pour cette mono boucle \u00e0 la symbolique forte ! <br \/>Sur une mini cr\u00e9ole en laiton plaqu\u00e9 or, un m\u00e9daillon suspendu d\u00e9voile un double c\u0153ur flamboyant, couronn\u00e9 et \u00e9maill\u00e9 d\u2019un bleu transparent intense. Et juste en dessous, un petit mot grav\u00e9 pour sceller l\u2019intention : &#8220;love&#8221;.<\/p>\n<p data-start=\"451\" data-end=\"888\" class=\"\">On l\u2019adopte sans h\u00e9siter :<br data-start=\"490\" data-end=\"493\">\u2013 Le design expressif et symbolique, \u00e0 porter au quotidien comme un mantra.<br data-start=\"567\" data-end=\"570\">\u2013 L\u2019\u00e9clat du laiton dor\u00e9 combin\u00e9 \u00e0 l\u2019\u00e9mail bleu, qui capte la lumi\u00e8re et le regard.<br data-start=\"652\" data-end=\"655\">\u2013 Le format mono boucle, qu\u2019on mixe avec d\u2019autres pi\u00e8ces pour un look libre et d\u00e9pareill\u00e9.<br data-start=\"744\" data-end=\"747\">\u2013 Le message grav\u00e9 &#8220;love&#8221;, discret mais toujours l\u00e0.<br data-start=\"798\" data-end=\"801\">\u2013 Une pi\u00e8ce pens\u00e9e pour celles et ceux qui aiment les bijoux qui racontent une histoire.<\/p>\n<p data-start=\"1095\" data-end=\"1182\" class=\"\">\u00c0 porter seule ou mix\u00e9e pour une touche sentimentale, un peu mystique, toujours styl\u00e9e.<\/p>\n","protected":false},"excerpt":{"rendered":"<p>Mono Boucle Double C\u0153ur :\u00a0Un coup de c\u0153ur assum\u00e9 pour cette mono boucle \u00e0 la symbolique forte ! Sur une mini cr\u00e9ole en laiton plaqu\u00e9 or, un m\u00e9daillon suspendu d\u00e9voile un double c\u0153ur flamboyant, couronn\u00e9 et \u00e9maill\u00e9 d\u2019un bleu transparent intense. Et juste en dessous, un petit mot grav\u00e9 pour sceller l\u2019intention : &#8220;love&#8221;. On [&hellip;]<\/p>\n","protected":false},"featured_media":3946134,"comment_status":"open","ping_status":"closed","template":"","meta":[],"product_brand":[],"product_cat":[],"product_tag":[],"acf":[],"_links":{"self":[{"href":"https:\/\/streetmarkets.fr\/app\/wp-json\/wp\/v2\/product\/3946133"}],"collection":[{"href":"https:\/\/streetmarkets.fr\/app\/wp-json\/wp\/v2\/product"}],"about":[{"href":"https:\/\/streetmarkets.fr\/app\/wp-json\/wp\/v2\/types\/product"}],"replies":[{"embeddable":true,"href":"https:\/\/streetmarkets.fr\/app\/wp-json\/wp\/v2\/comments?post=3946133"}],"wp:featuredmedia":[{"embeddable":true,"href":"https:\/\/streetmarkets.fr\/app\/wp-json\/wp\/v2\/media\/3946134"}],"wp:attachment":[{"href":"https:\/\/streetmarkets.fr\/app\/wp-json\/wp\/v2\/media?parent=3946133"}],"wp:term":[{"taxonomy":"product_brand","embeddable":true,"href":"https:\/\/streetmarkets.fr\/app\/wp-json\/wp\/v2\/product_brand?post=3946133"},{"taxonomy":"product_cat","embeddable":true,"href":"https:\/\/streetmarkets.fr\/app\/wp-json\/wp\/v2\/product_cat?post=3946133"},{"taxonomy":"product_tag","embeddable":true,"href":"https:\/\/streetmarkets.fr\/app\/wp-json\/wp\/v2\/product_tag?post=3946133"}],"curies":[{"name":"wp","href":"https:\/\/api.w.org\/{rel}","templated":true}]}}