{"id":3946103,"date":"2026-04-14T00:58:25","date_gmt":"2026-04-13T22:58:25","guid":{"rendered":"https:\/\/streetmarkets.fr\/app\/produit\/bracelet-emily-in-paris\/"},"modified":"2026-05-15T00:58:36","modified_gmt":"2026-05-14T22:58:36","slug":"bracelet-emily-in-paris","status":"publish","type":"product","link":"https:\/\/streetmarkets.fr\/app\/produit\/bracelet-emily-in-paris\/","title":{"rendered":"Bracelet Emily in Paris"},"content":{"rendered":"<p>Un bracelet qui joue l\u2019\u00e9quilibre parfait entre chic et originalit\u00e9 ! <br \/>Il se compose de barettes en laiton dor\u00e9 qui maintiennent d\u00e9licatement\u00a0 des cristaux brun fum\u00e9 qui captent la lumi\u00e8re avec subtilit\u00e9. Une construction raffin\u00e9e qui twiste nos looks avec une touche couture.<\/p>\n<p>Le support en laiton dor\u00e9 ajoute encore plus d\u2019\u00e9clat, et le design sophistiqu\u00e9 fait toute la diff\u00e9rence. \u00c0 la fois d\u00e9licat et plein de caract\u00e8re, il s\u2019invite aussi bien sur un look casual que sur une tenue plus habill\u00e9e.<\/p>\n<p>Fabriqu\u00e9e en France, en laiton dor\u00e9 sans nickel, parfait pour les peaux sensibles.<br \/>On adore : leur \u00e9l\u00e9gance moderne, leur jeu de mati\u00e8res et leur \u00e9quilibre subtil entre minimalisme et sophistication !<\/p>\n<ul><\/ul>\n","protected":false},"excerpt":{"rendered":"<p>Un bracelet qui joue l\u2019\u00e9quilibre parfait entre chic et originalit\u00e9 ! Il se compose de barettes en laiton dor\u00e9 qui maintiennent d\u00e9licatement\u00a0 des cristaux brun fum\u00e9 qui captent la lumi\u00e8re avec subtilit\u00e9. Une construction raffin\u00e9e qui twiste nos looks avec une touche couture. Le support en laiton dor\u00e9 ajoute encore plus d\u2019\u00e9clat, et le design [&hellip;]<\/p>\n","protected":false},"featured_media":3946104,"comment_status":"open","ping_status":"closed","template":"","meta":[],"product_brand":[],"product_cat":[],"product_tag":[],"acf":[],"_links":{"self":[{"href":"https:\/\/streetmarkets.fr\/app\/wp-json\/wp\/v2\/product\/3946103"}],"collection":[{"href":"https:\/\/streetmarkets.fr\/app\/wp-json\/wp\/v2\/product"}],"about":[{"href":"https:\/\/streetmarkets.fr\/app\/wp-json\/wp\/v2\/types\/product"}],"replies":[{"embeddable":true,"href":"https:\/\/streetmarkets.fr\/app\/wp-json\/wp\/v2\/comments?post=3946103"}],"wp:featuredmedia":[{"embeddable":true,"href":"https:\/\/streetmarkets.fr\/app\/wp-json\/wp\/v2\/media\/3946104"}],"wp:attachment":[{"href":"https:\/\/streetmarkets.fr\/app\/wp-json\/wp\/v2\/media?parent=3946103"}],"wp:term":[{"taxonomy":"product_brand","embeddable":true,"href":"https:\/\/streetmarkets.fr\/app\/wp-json\/wp\/v2\/product_brand?post=3946103"},{"taxonomy":"product_cat","embeddable":true,"href":"https:\/\/streetmarkets.fr\/app\/wp-json\/wp\/v2\/product_cat?post=3946103"},{"taxonomy":"product_tag","embeddable":true,"href":"https:\/\/streetmarkets.fr\/app\/wp-json\/wp\/v2\/product_tag?post=3946103"}],"curies":[{"name":"wp","href":"https:\/\/api.w.org\/{rel}","templated":true}]}}