{"id":3946078,"date":"2026-04-14T00:58:23","date_gmt":"2026-04-13T22:58:23","guid":{"rendered":"https:\/\/streetmarkets.fr\/app\/produit\/collier-maillons-orange\/"},"modified":"2026-05-12T00:58:37","modified_gmt":"2026-05-11T22:58:37","slug":"collier-maillons-orange","status":"publish","type":"product","link":"https:\/\/streetmarkets.fr\/app\/produit\/collier-maillons-orange\/","title":{"rendered":"Collier Maillons Orange"},"content":{"rendered":"<div class=\"flex flex-col text-sm pb-25\">\n<article class=\"text-token-text-primary w-full focus:outline-none [--shadow-height:45px] has-data-writing-block:pointer-events-none has-data-writing-block:-mt-(--shadow-height) has-data-writing-block:pt-(--shadow-height) [&amp;:has([data-writing-block])&gt;*]:pointer-events-auto scroll-mt-[calc(var(--header-height)+min(200px,max(70px,20svh)))]\" dir=\"auto\" data-turn-id=\"request-69944f3b-2ddc-8325-b962-550439f224a5-0\" data-testid=\"conversation-turn-64\" data-scroll-anchor=\"true\" data-turn=\"assistant\">\n<div class=\"text-base my-auto mx-auto pb-10 [--thread-content-margin:--spacing(4)] @w-sm\/main:[--thread-content-margin:--spacing(6)] @w-lg\/main:[--thread-content-margin:--spacing(16)] px-(--thread-content-margin)\">\n<div class=\"[--thread-content-max-width:40rem] @w-lg\/main:[--thread-content-max-width:48rem] mx-auto max-w-(--thread-content-max-width) flex-1 group\/turn-messages focus-visible:outline-hidden relative flex w-full min-w-0 flex-col agent-turn\">\n<div class=\"flex max-w-full flex-col grow\">\n<div data-message-author-role=\"assistant\" data-message-id=\"1102d945-69a3-4c85-9cd6-9745b5e6a3aa\" dir=\"auto\" data-message-model-slug=\"gpt-5-2\" class=\"min-h-8 text-message relative flex w-full flex-col items-end gap-2 text-start break-words whitespace-normal [.text-message+&amp;]:mt-1\">\n<div class=\"flex w-full flex-col gap-1 empty:hidden first:pt-[1px]\">\n<div class=\"markdown prose dark:prose-invert w-full wrap-break-word light markdown-new-styling\">\n<p data-start=\"0\" data-end=\"69\">Collier Maillons Orange : Le bijou XXL qui r\u00e9veille nos looks !\u00a0<br \/>Les bijoux fantaisie prennent du volume, et ce collier en ac\u00e9tate orange s\u2019inscrit pleinement dans cette tendance assum\u00e9e. Avec sa couleur pop et ses maillons g\u00e9n\u00e9reux, il apporte du caract\u00e8re \u00e0 n\u2019importe quelle tenue et transforme instantan\u00e9ment un look simple en silhouette affirm\u00e9e.<\/p>\n<p data-start=\"360\" data-end=\"663\">Sa construction est pens\u00e9e pour habiller parfaitement le cou : les maillons commencent plus fins puis s\u2019agrandissent progressivement jusqu\u2019au centre, cr\u00e9ant un joli mouvement visuel et un \u00e9quilibre harmonieux. R\u00e9sultat, un collier court qui encadre le cou avec style et attire naturellement le regard.<\/p>\n<p data-start=\"665\" data-end=\"893\">R\u00e9alis\u00e9 en ac\u00e9tate avec une fermeture invisible, il reste l\u00e9ger et confortable malgr\u00e9 son allure XXL. Inspir\u00e9 de l\u2019esprit des ann\u00e9es 80, il assume pleinement son c\u00f4t\u00e9 pi\u00e8ce forte et devient le bijou qui donne le ton.<\/p>\n<p data-start=\"895\" data-end=\"982\" data-is-last-node=\"\" data-is-only-node=\"\">Des maillons oversize, un orange pop, et notre look passe direct en mode statement.<\/p>\n<\/div>\n<\/div>\n<\/div>\n<\/div>\n<div class=\"mt-3 w-full empty:hidden\"><\/div>\n<\/div>\n<\/div>\n<\/article>\n<\/div>\n","protected":false},"excerpt":{"rendered":"<p>Collier Maillons Orange : Le bijou XXL qui r\u00e9veille nos looks !\u00a0Les bijoux fantaisie prennent du volume, et ce collier en ac\u00e9tate orange s\u2019inscrit pleinement dans cette tendance assum\u00e9e. Avec sa couleur pop et ses maillons g\u00e9n\u00e9reux, il apporte du caract\u00e8re \u00e0 n\u2019importe quelle tenue et transforme instantan\u00e9ment un look simple en silhouette affirm\u00e9e. Sa [&hellip;]<\/p>\n","protected":false},"featured_media":3946079,"comment_status":"open","ping_status":"closed","template":"","meta":[],"product_brand":[],"product_cat":[],"product_tag":[],"acf":[],"_links":{"self":[{"href":"https:\/\/streetmarkets.fr\/app\/wp-json\/wp\/v2\/product\/3946078"}],"collection":[{"href":"https:\/\/streetmarkets.fr\/app\/wp-json\/wp\/v2\/product"}],"about":[{"href":"https:\/\/streetmarkets.fr\/app\/wp-json\/wp\/v2\/types\/product"}],"replies":[{"embeddable":true,"href":"https:\/\/streetmarkets.fr\/app\/wp-json\/wp\/v2\/comments?post=3946078"}],"wp:featuredmedia":[{"embeddable":true,"href":"https:\/\/streetmarkets.fr\/app\/wp-json\/wp\/v2\/media\/3946079"}],"wp:attachment":[{"href":"https:\/\/streetmarkets.fr\/app\/wp-json\/wp\/v2\/media?parent=3946078"}],"wp:term":[{"taxonomy":"product_brand","embeddable":true,"href":"https:\/\/streetmarkets.fr\/app\/wp-json\/wp\/v2\/product_brand?post=3946078"},{"taxonomy":"product_cat","embeddable":true,"href":"https:\/\/streetmarkets.fr\/app\/wp-json\/wp\/v2\/product_cat?post=3946078"},{"taxonomy":"product_tag","embeddable":true,"href":"https:\/\/streetmarkets.fr\/app\/wp-json\/wp\/v2\/product_tag?post=3946078"}],"curies":[{"name":"wp","href":"https:\/\/api.w.org\/{rel}","templated":true}]}}