{"id":3939208,"date":"2026-04-12T08:41:23","date_gmt":"2026-04-12T06:41:23","guid":{"rendered":"https:\/\/streetmarkets.fr\/app\/produit\/chemise-joy-joee\/"},"modified":"2026-05-05T08:40:40","modified_gmt":"2026-05-05T06:40:40","slug":"chemise-joy-joee","status":"publish","type":"product","link":"https:\/\/streetmarkets.fr\/app\/produit\/chemise-joy-joee\/","title":{"rendered":"Chemise Vanille &#8211; Jo\u00e9e"},"content":{"rendered":"<p>Chemise bicolore \u00e0 petits carreaux\u00a0<\/p>\n<p>Taille unique correspondant \u00e0 un 38\/40<\/p>\n<p>Nous r\u00e9alisons des s\u00e9ries limit\u00e9es : 10 exemplaires de chaque mod\u00e8le\u00a0<\/p>\n<p>Production europ\u00e9enne\u00a0<\/p>\n<p data-mce-fragment=\"1\">\u00a0<\/p>\n","protected":false},"excerpt":{"rendered":"<p>Chemise bicolore \u00e0 petits carreaux\u00a0 Taille unique correspondant \u00e0 un 38\/40 Nous r\u00e9alisons des s\u00e9ries limit\u00e9es : 10 exemplaires de chaque mod\u00e8le\u00a0 Production europ\u00e9enne\u00a0 \u00a0<\/p>\n","protected":false},"featured_media":3939209,"comment_status":"open","ping_status":"closed","template":"","meta":[],"product_brand":[],"product_cat":[],"product_tag":[],"acf":[],"_links":{"self":[{"href":"https:\/\/streetmarkets.fr\/app\/wp-json\/wp\/v2\/product\/3939208"}],"collection":[{"href":"https:\/\/streetmarkets.fr\/app\/wp-json\/wp\/v2\/product"}],"about":[{"href":"https:\/\/streetmarkets.fr\/app\/wp-json\/wp\/v2\/types\/product"}],"replies":[{"embeddable":true,"href":"https:\/\/streetmarkets.fr\/app\/wp-json\/wp\/v2\/comments?post=3939208"}],"wp:featuredmedia":[{"embeddable":true,"href":"https:\/\/streetmarkets.fr\/app\/wp-json\/wp\/v2\/media\/3939209"}],"wp:attachment":[{"href":"https:\/\/streetmarkets.fr\/app\/wp-json\/wp\/v2\/media?parent=3939208"}],"wp:term":[{"taxonomy":"product_brand","embeddable":true,"href":"https:\/\/streetmarkets.fr\/app\/wp-json\/wp\/v2\/product_brand?post=3939208"},{"taxonomy":"product_cat","embeddable":true,"href":"https:\/\/streetmarkets.fr\/app\/wp-json\/wp\/v2\/product_cat?post=3939208"},{"taxonomy":"product_tag","embeddable":true,"href":"https:\/\/streetmarkets.fr\/app\/wp-json\/wp\/v2\/product_tag?post=3939208"}],"curies":[{"name":"wp","href":"https:\/\/api.w.org\/{rel}","templated":true}]}}