{"id":3934203,"date":"2026-04-11T05:22:23","date_gmt":"2026-04-11T03:22:23","guid":{"rendered":"https:\/\/streetmarkets.fr\/app\/produit\/robe-monica-rouge\/"},"modified":"2026-05-07T05:22:13","modified_gmt":"2026-05-07T03:22:13","slug":"robe-monica-rouge","status":"publish","type":"product","link":"https:\/\/streetmarkets.fr\/app\/produit\/robe-monica-rouge\/","title":{"rendered":"Robe Monica Rouge"},"content":{"rendered":"<p>Robe en jersey de coton plutot sec : bonne tenue de la mati\u00e8re.<br \/>\nD\u00e9collet\u00e9 V devant et dos en jersey uni.<br \/>\nFinitions  avec passepoil, taille elastiqu\u00e9e, peut s&#8217;agr\u00e9menter d&#8217;une jolie ceinture.<br \/>\nLongueur sus genoux.<br \/>\n210\u20ac<\/p>\n","protected":false},"excerpt":{"rendered":"<p>Robe en jersey de coton plutot sec : bonne tenue de la mati\u00e8re. D\u00e9collet\u00e9 V devant et dos en jersey uni. Finitions avec passepoil, taille elastiqu\u00e9e, peut s&#8217;agr\u00e9menter d&#8217;une jolie ceinture. Longueur sus genoux. 210\u20ac<\/p>\n","protected":false},"featured_media":3934204,"comment_status":"open","ping_status":"closed","template":"","meta":[],"product_brand":[1310],"product_cat":[],"product_tag":[],"acf":[],"_links":{"self":[{"href":"https:\/\/streetmarkets.fr\/app\/wp-json\/wp\/v2\/product\/3934203"}],"collection":[{"href":"https:\/\/streetmarkets.fr\/app\/wp-json\/wp\/v2\/product"}],"about":[{"href":"https:\/\/streetmarkets.fr\/app\/wp-json\/wp\/v2\/types\/product"}],"replies":[{"embeddable":true,"href":"https:\/\/streetmarkets.fr\/app\/wp-json\/wp\/v2\/comments?post=3934203"}],"wp:featuredmedia":[{"embeddable":true,"href":"https:\/\/streetmarkets.fr\/app\/wp-json\/wp\/v2\/media\/3934204"}],"wp:attachment":[{"href":"https:\/\/streetmarkets.fr\/app\/wp-json\/wp\/v2\/media?parent=3934203"}],"wp:term":[{"taxonomy":"product_brand","embeddable":true,"href":"https:\/\/streetmarkets.fr\/app\/wp-json\/wp\/v2\/product_brand?post=3934203"},{"taxonomy":"product_cat","embeddable":true,"href":"https:\/\/streetmarkets.fr\/app\/wp-json\/wp\/v2\/product_cat?post=3934203"},{"taxonomy":"product_tag","embeddable":true,"href":"https:\/\/streetmarkets.fr\/app\/wp-json\/wp\/v2\/product_tag?post=3934203"}],"curies":[{"name":"wp","href":"https:\/\/api.w.org\/{rel}","templated":true}]}}