{"id":3929181,"date":"2026-04-11T02:06:06","date_gmt":"2026-04-11T00:06:06","guid":{"rendered":"https:\/\/streetmarkets.fr\/app\/produit\/nouveau-xirena-sweat-marathon-peach-glow-precommande\/"},"modified":"2026-05-06T02:06:02","modified_gmt":"2026-05-06T00:06:02","slug":"nouveau-xirena-sweat-marathon-peach-glow-precommande","status":"publish","type":"product","link":"https:\/\/streetmarkets.fr\/app\/produit\/nouveau-xirena-sweat-marathon-peach-glow-precommande\/","title":{"rendered":"Nouveau ! XIRENA Sweat Marathon Peach Glow PR\u00c9COMMANDE !"},"content":{"rendered":"<p data-rte-preserve-empty=\"true\">PR\u00c9COMMANDE ! LIVRAISON D\u00c9BUT MAI ! <\/p>\n<p data-rte-preserve-empty=\"true\">Sweat en coton tout doux, coupe ample et droite, manches longues et poignets resserr\u00e9s, encolure arrondie. \u00c9galement disponible dans la couleur Sequoia. <\/p>\n<p data-rte-preserve-empty=\"true\">D\u00e9tail : 100% coton <\/p>\n","protected":false},"excerpt":{"rendered":"<p>PR\u00c9COMMANDE ! LIVRAISON D\u00c9BUT MAI ! Sweat en coton tout doux, coupe ample et droite, manches longues et poignets resserr\u00e9s, encolure arrondie. \u00c9galement disponible dans la couleur Sequoia. D\u00e9tail : 100% coton<\/p>\n","protected":false},"featured_media":3929182,"comment_status":"open","ping_status":"closed","template":"","meta":[],"product_brand":[],"product_cat":[],"product_tag":[],"acf":[],"_links":{"self":[{"href":"https:\/\/streetmarkets.fr\/app\/wp-json\/wp\/v2\/product\/3929181"}],"collection":[{"href":"https:\/\/streetmarkets.fr\/app\/wp-json\/wp\/v2\/product"}],"about":[{"href":"https:\/\/streetmarkets.fr\/app\/wp-json\/wp\/v2\/types\/product"}],"replies":[{"embeddable":true,"href":"https:\/\/streetmarkets.fr\/app\/wp-json\/wp\/v2\/comments?post=3929181"}],"wp:featuredmedia":[{"embeddable":true,"href":"https:\/\/streetmarkets.fr\/app\/wp-json\/wp\/v2\/media\/3929182"}],"wp:attachment":[{"href":"https:\/\/streetmarkets.fr\/app\/wp-json\/wp\/v2\/media?parent=3929181"}],"wp:term":[{"taxonomy":"product_brand","embeddable":true,"href":"https:\/\/streetmarkets.fr\/app\/wp-json\/wp\/v2\/product_brand?post=3929181"},{"taxonomy":"product_cat","embeddable":true,"href":"https:\/\/streetmarkets.fr\/app\/wp-json\/wp\/v2\/product_cat?post=3929181"},{"taxonomy":"product_tag","embeddable":true,"href":"https:\/\/streetmarkets.fr\/app\/wp-json\/wp\/v2\/product_tag?post=3929181"}],"curies":[{"name":"wp","href":"https:\/\/api.w.org\/{rel}","templated":true}]}}