{"id":3929152,"date":"2026-04-11T02:06:02","date_gmt":"2026-04-11T00:06:02","guid":{"rendered":"https:\/\/streetmarkets.fr\/app\/produit\/nouveau-xirena-top-annie-sand-castle-precommande\/"},"modified":"2026-05-06T02:06:02","modified_gmt":"2026-05-06T00:06:02","slug":"nouveau-xirena-top-annie-sand-castle-precommande","status":"publish","type":"product","link":"https:\/\/streetmarkets.fr\/app\/produit\/nouveau-xirena-top-annie-sand-castle-precommande\/","title":{"rendered":"Nouveau ! XIRENA Top Annie Sand Castle PR\u00c9COMMANDE !"},"content":{"rendered":"<p data-rte-preserve-empty=\"true\">PR\u00c9COMMANDE ! LIVRAISON D\u00c9BUT MAI !<\/p>\n<p data-rte-preserve-empty=\"true\">Top en coton \u00e0 motif vichy, coupe ample et droite, fines bretelles, boutonn\u00e9 sur toute la hauteur devant. \u00c0 coordonner avec le short Starla Sand Castle.<\/p>\n<p data-rte-preserve-empty=\"true\">D\u00e9tail : 98% coton, 2% spandex<\/p>\n","protected":false},"excerpt":{"rendered":"<p>PR\u00c9COMMANDE ! LIVRAISON D\u00c9BUT MAI ! Top en coton \u00e0 motif vichy, coupe ample et droite, fines bretelles, boutonn\u00e9 sur toute la hauteur devant. \u00c0 coordonner avec le short Starla Sand Castle. D\u00e9tail : 98% coton, 2% spandex<\/p>\n","protected":false},"featured_media":3929153,"comment_status":"open","ping_status":"closed","template":"","meta":[],"product_brand":[],"product_cat":[],"product_tag":[],"acf":[],"_links":{"self":[{"href":"https:\/\/streetmarkets.fr\/app\/wp-json\/wp\/v2\/product\/3929152"}],"collection":[{"href":"https:\/\/streetmarkets.fr\/app\/wp-json\/wp\/v2\/product"}],"about":[{"href":"https:\/\/streetmarkets.fr\/app\/wp-json\/wp\/v2\/types\/product"}],"replies":[{"embeddable":true,"href":"https:\/\/streetmarkets.fr\/app\/wp-json\/wp\/v2\/comments?post=3929152"}],"wp:featuredmedia":[{"embeddable":true,"href":"https:\/\/streetmarkets.fr\/app\/wp-json\/wp\/v2\/media\/3929153"}],"wp:attachment":[{"href":"https:\/\/streetmarkets.fr\/app\/wp-json\/wp\/v2\/media?parent=3929152"}],"wp:term":[{"taxonomy":"product_brand","embeddable":true,"href":"https:\/\/streetmarkets.fr\/app\/wp-json\/wp\/v2\/product_brand?post=3929152"},{"taxonomy":"product_cat","embeddable":true,"href":"https:\/\/streetmarkets.fr\/app\/wp-json\/wp\/v2\/product_cat?post=3929152"},{"taxonomy":"product_tag","embeddable":true,"href":"https:\/\/streetmarkets.fr\/app\/wp-json\/wp\/v2\/product_tag?post=3929152"}],"curies":[{"name":"wp","href":"https:\/\/api.w.org\/{rel}","templated":true}]}}