{"id":3929109,"date":"2026-04-11T02:05:14","date_gmt":"2026-04-11T00:05:14","guid":{"rendered":"https:\/\/streetmarkets.fr\/app\/produit\/nouveau-laurence-bras-robe-magritalong-black\/"},"modified":"2026-05-06T02:05:21","modified_gmt":"2026-05-06T00:05:21","slug":"nouveau-laurence-bras-robe-magritalong-black","status":"publish","type":"product","link":"https:\/\/streetmarkets.fr\/app\/produit\/nouveau-laurence-bras-robe-magritalong-black\/","title":{"rendered":"Nouveau ! LAURENCE BRAS Robe Magritalong Black"},"content":{"rendered":"<p class=\"\" data-rte-preserve-empty=\"true\">Robe longue en coton plumetis, boutonn\u00e9e, encolure arrondie orn\u00e9e de volants, manches longues et poignets resserr\u00e9s, emmanchure large. <\/p>\n<p class=\"\" data-rte-preserve-empty=\"true\">D\u00e9tail : 100% coton<\/p>\n","protected":false},"excerpt":{"rendered":"<p>Robe longue en coton plumetis, boutonn\u00e9e, encolure arrondie orn\u00e9e de volants, manches longues et poignets resserr\u00e9s, emmanchure large. D\u00e9tail : 100% coton<\/p>\n","protected":false},"featured_media":3929110,"comment_status":"open","ping_status":"closed","template":"","meta":[],"product_brand":[],"product_cat":[],"product_tag":[],"acf":[],"_links":{"self":[{"href":"https:\/\/streetmarkets.fr\/app\/wp-json\/wp\/v2\/product\/3929109"}],"collection":[{"href":"https:\/\/streetmarkets.fr\/app\/wp-json\/wp\/v2\/product"}],"about":[{"href":"https:\/\/streetmarkets.fr\/app\/wp-json\/wp\/v2\/types\/product"}],"replies":[{"embeddable":true,"href":"https:\/\/streetmarkets.fr\/app\/wp-json\/wp\/v2\/comments?post=3929109"}],"wp:featuredmedia":[{"embeddable":true,"href":"https:\/\/streetmarkets.fr\/app\/wp-json\/wp\/v2\/media\/3929110"}],"wp:attachment":[{"href":"https:\/\/streetmarkets.fr\/app\/wp-json\/wp\/v2\/media?parent=3929109"}],"wp:term":[{"taxonomy":"product_brand","embeddable":true,"href":"https:\/\/streetmarkets.fr\/app\/wp-json\/wp\/v2\/product_brand?post=3929109"},{"taxonomy":"product_cat","embeddable":true,"href":"https:\/\/streetmarkets.fr\/app\/wp-json\/wp\/v2\/product_cat?post=3929109"},{"taxonomy":"product_tag","embeddable":true,"href":"https:\/\/streetmarkets.fr\/app\/wp-json\/wp\/v2\/product_tag?post=3929109"}],"curies":[{"name":"wp","href":"https:\/\/api.w.org\/{rel}","templated":true}]}}