{"id":3929102,"date":"2026-04-11T02:04:43","date_gmt":"2026-04-11T00:04:43","guid":{"rendered":"https:\/\/streetmarkets.fr\/app\/produit\/elia-maurizi-mary-g-16285-toscano-nero\/"},"modified":"2026-05-12T02:00:52","modified_gmt":"2026-05-12T00:00:52","slug":"elia-maurizi-mary-g-16285-toscano-nero","status":"publish","type":"product","link":"https:\/\/streetmarkets.fr\/app\/produit\/elia-maurizi-mary-g-16285-toscano-nero\/","title":{"rendered":"ELIA MAURIZI MARY G 16285 Toscano Nero"},"content":{"rendered":"<p><strong>Cr\u00e9ateur :<\/strong> ELIA MAURIZI, Handmade en Italie<\/p>\n<p><strong>R\u00e9alisation : <\/strong>Chaussures r\u00e9alis\u00e9es \u00e0 la main en Italie<\/p>\n<p>100 % cuir en tannage v\u00e9g\u00e9tal, semelle en caoutchouc souple<\/p>\n<p><em><span class=\"Y2IQFc\" lang=\"en\">Detail : 100% vegetable-tanned leather, flexible rubber sole<\/span><\/em><\/p>\n","protected":false},"excerpt":{"rendered":"<p>Cr\u00e9ateur : ELIA MAURIZI, Handmade en Italie R\u00e9alisation : Chaussures r\u00e9alis\u00e9es \u00e0 la main en Italie 100 % cuir en tannage v\u00e9g\u00e9tal, semelle en caoutchouc souple Detail : 100% vegetable-tanned leather, flexible rubber sole<\/p>\n","protected":false},"featured_media":3929103,"comment_status":"open","ping_status":"closed","template":"","meta":[],"product_brand":[],"product_cat":[],"product_tag":[],"acf":[],"_links":{"self":[{"href":"https:\/\/streetmarkets.fr\/app\/wp-json\/wp\/v2\/product\/3929102"}],"collection":[{"href":"https:\/\/streetmarkets.fr\/app\/wp-json\/wp\/v2\/product"}],"about":[{"href":"https:\/\/streetmarkets.fr\/app\/wp-json\/wp\/v2\/types\/product"}],"replies":[{"embeddable":true,"href":"https:\/\/streetmarkets.fr\/app\/wp-json\/wp\/v2\/comments?post=3929102"}],"wp:featuredmedia":[{"embeddable":true,"href":"https:\/\/streetmarkets.fr\/app\/wp-json\/wp\/v2\/media\/3929103"}],"wp:attachment":[{"href":"https:\/\/streetmarkets.fr\/app\/wp-json\/wp\/v2\/media?parent=3929102"}],"wp:term":[{"taxonomy":"product_brand","embeddable":true,"href":"https:\/\/streetmarkets.fr\/app\/wp-json\/wp\/v2\/product_brand?post=3929102"},{"taxonomy":"product_cat","embeddable":true,"href":"https:\/\/streetmarkets.fr\/app\/wp-json\/wp\/v2\/product_cat?post=3929102"},{"taxonomy":"product_tag","embeddable":true,"href":"https:\/\/streetmarkets.fr\/app\/wp-json\/wp\/v2\/product_tag?post=3929102"}],"curies":[{"name":"wp","href":"https:\/\/api.w.org\/{rel}","templated":true}]}}