{"id":3928952,"date":"2026-04-11T02:00:49","date_gmt":"2026-04-11T00:00:49","guid":{"rendered":"https:\/\/streetmarkets.fr\/app\/produit\/top-bretelle-a-rayures-s26-femme-fire-orange-rws\/"},"modified":"2026-05-09T02:21:30","modified_gmt":"2026-05-09T00:21:30","slug":"top-bretelle-a-rayures-s26-femme-fire-orange-rws","status":"publish","type":"product","link":"https:\/\/streetmarkets.fr\/app\/produit\/top-bretelle-a-rayures-s26-femme-fire-orange-rws\/","title":{"rendered":"Top Bretelle \u00c0 Rayures (S26 \/ FEMME \/ Fire Orange \/ RWS)"},"content":{"rendered":"<p>Inspir\u00e9 par l\u2019effervescence du Br\u00e9sil, ce top \u00e0 bretelles court mise sur un contraste de couleurs vibrant. Il se distingue par ses rayures bicolores en point fantaisie. Confectionn\u00e9 en laine m\u00e9rinos, il offre une coupe ajust\u00e9e et textur\u00e9e pour un look d&#8217;\u00e9t\u00e9 plein de caract\u00e8re.<\/p>\n<p>&#8211; Top \u00e0 bretelles en laine m\u00e9rinos certifi\u00e9e RWS<br \/>\n<br \/>&#8211; Rayures bicolores et jeu de point fantaisie<br \/>\n<br \/>&#8211; Coupe slim<br \/>\n<br \/>&#8211; 100% Laine m\u00e9rinos extrafine<br \/>\n<br \/>&#8211; Laine m\u00e9rinos extra fine d&#8217;Australie : respirante et thermor\u00e9gulatrice, elle peut \u00eatre port\u00e9e \u00e9t\u00e9 comme hiver.<\/p>\n","protected":false},"excerpt":{"rendered":"<p>Inspir\u00e9 par l\u2019effervescence du Br\u00e9sil, ce top \u00e0 bretelles court mise sur un contraste de couleurs vibrant. Il se distingue par ses rayures bicolores en point fantaisie. Confectionn\u00e9 en laine m\u00e9rinos, il offre une coupe ajust\u00e9e et textur\u00e9e pour un look d&#8217;\u00e9t\u00e9 plein de caract\u00e8re. &#8211; Top \u00e0 bretelles en laine m\u00e9rinos certifi\u00e9e RWS &#8211; [&hellip;]<\/p>\n","protected":false},"featured_media":3928953,"comment_status":"open","ping_status":"closed","template":"","meta":[],"product_brand":[6868],"product_cat":[],"product_tag":[],"acf":[],"_links":{"self":[{"href":"https:\/\/streetmarkets.fr\/app\/wp-json\/wp\/v2\/product\/3928952"}],"collection":[{"href":"https:\/\/streetmarkets.fr\/app\/wp-json\/wp\/v2\/product"}],"about":[{"href":"https:\/\/streetmarkets.fr\/app\/wp-json\/wp\/v2\/types\/product"}],"replies":[{"embeddable":true,"href":"https:\/\/streetmarkets.fr\/app\/wp-json\/wp\/v2\/comments?post=3928952"}],"wp:featuredmedia":[{"embeddable":true,"href":"https:\/\/streetmarkets.fr\/app\/wp-json\/wp\/v2\/media\/3928953"}],"wp:attachment":[{"href":"https:\/\/streetmarkets.fr\/app\/wp-json\/wp\/v2\/media?parent=3928952"}],"wp:term":[{"taxonomy":"product_brand","embeddable":true,"href":"https:\/\/streetmarkets.fr\/app\/wp-json\/wp\/v2\/product_brand?post=3928952"},{"taxonomy":"product_cat","embeddable":true,"href":"https:\/\/streetmarkets.fr\/app\/wp-json\/wp\/v2\/product_cat?post=3928952"},{"taxonomy":"product_tag","embeddable":true,"href":"https:\/\/streetmarkets.fr\/app\/wp-json\/wp\/v2\/product_tag?post=3928952"}],"curies":[{"name":"wp","href":"https:\/\/api.w.org\/{rel}","templated":true}]}}