{"id":3928932,"date":"2026-04-11T02:00:34","date_gmt":"2026-04-11T00:00:34","guid":{"rendered":"https:\/\/streetmarkets.fr\/app\/produit\/short-mini-a-rayures-bicolores-s26-femme-fire-orange-rws\/"},"modified":"2026-05-13T01:42:18","modified_gmt":"2026-05-12T23:42:18","slug":"short-mini-a-rayures-bicolores-s26-femme-fire-orange-rws","status":"publish","type":"product","link":"https:\/\/streetmarkets.fr\/app\/produit\/short-mini-a-rayures-bicolores-s26-femme-fire-orange-rws\/","title":{"rendered":"Short Mini \u00c0 Rayures Bicolores (S26 \/ FEMME \/ Fire orange \/ RWS)"},"content":{"rendered":"<p>Inspir\u00e9 par l&#8217;\u00e9nergie de notre collection Br\u00e9sil, ce short mini mise sur un jeu de point fantaisie et des rayures bicolores vibrantes. Sa coupe ajust\u00e9e et sa maille en laine m\u00e9rinos extra fine offrent un confort absolu et un look estival affirm\u00e9. Une pi\u00e8ce forte \u00e0 l&#8217;allure solaire, id\u00e9ale pour r\u00e9chauffer votre vestiaire de saison.<\/p>\n<p>&#8211; Short en laine m\u00e9rinos certifi\u00e9 RWS<br \/>\n<br \/>&#8211; Rayures bicolores avec jeu de point fantaisie<br \/>\n<br \/>&#8211; Coupe slim<br \/>\n<br \/>&#8211; Laine m\u00e9rinos extra fine d&#8217;Australie : respirante et thermor\u00e9gulatrice, elle peut \u00eatre port\u00e9e \u00e9t\u00e9 comme hiver.<\/p>\n","protected":false},"excerpt":{"rendered":"<p>Inspir\u00e9 par l&#8217;\u00e9nergie de notre collection Br\u00e9sil, ce short mini mise sur un jeu de point fantaisie et des rayures bicolores vibrantes. Sa coupe ajust\u00e9e et sa maille en laine m\u00e9rinos extra fine offrent un confort absolu et un look estival affirm\u00e9. Une pi\u00e8ce forte \u00e0 l&#8217;allure solaire, id\u00e9ale pour r\u00e9chauffer votre vestiaire de saison. [&hellip;]<\/p>\n","protected":false},"featured_media":3928933,"comment_status":"open","ping_status":"closed","template":"","meta":[],"product_brand":[6868],"product_cat":[],"product_tag":[],"acf":[],"_links":{"self":[{"href":"https:\/\/streetmarkets.fr\/app\/wp-json\/wp\/v2\/product\/3928932"}],"collection":[{"href":"https:\/\/streetmarkets.fr\/app\/wp-json\/wp\/v2\/product"}],"about":[{"href":"https:\/\/streetmarkets.fr\/app\/wp-json\/wp\/v2\/types\/product"}],"replies":[{"embeddable":true,"href":"https:\/\/streetmarkets.fr\/app\/wp-json\/wp\/v2\/comments?post=3928932"}],"wp:featuredmedia":[{"embeddable":true,"href":"https:\/\/streetmarkets.fr\/app\/wp-json\/wp\/v2\/media\/3928933"}],"wp:attachment":[{"href":"https:\/\/streetmarkets.fr\/app\/wp-json\/wp\/v2\/media?parent=3928932"}],"wp:term":[{"taxonomy":"product_brand","embeddable":true,"href":"https:\/\/streetmarkets.fr\/app\/wp-json\/wp\/v2\/product_brand?post=3928932"},{"taxonomy":"product_cat","embeddable":true,"href":"https:\/\/streetmarkets.fr\/app\/wp-json\/wp\/v2\/product_cat?post=3928932"},{"taxonomy":"product_tag","embeddable":true,"href":"https:\/\/streetmarkets.fr\/app\/wp-json\/wp\/v2\/product_tag?post=3928932"}],"curies":[{"name":"wp","href":"https:\/\/api.w.org\/{rel}","templated":true}]}}