{"id":3928853,"date":"2026-04-11T02:00:26","date_gmt":"2026-04-11T00:00:26","guid":{"rendered":"https:\/\/streetmarkets.fr\/app\/produit\/robe-courte-col-bardot-s26-femme-solar-roses\/"},"modified":"2026-05-15T01:58:24","modified_gmt":"2026-05-14T23:58:24","slug":"robe-courte-col-bardot-s26-femme-solar-roses","status":"publish","type":"product","link":"https:\/\/streetmarkets.fr\/app\/produit\/robe-courte-col-bardot-s26-femme-solar-roses\/","title":{"rendered":"Robe Courte Col Bardot (S26 \/ FEMME \/ Solar Roses)"},"content":{"rendered":"<p>Une silhouette romantique et audacieuse pour cette robe courte qui sublime le d\u00e9collet\u00e9. Confectionn\u00e9e dans une mati\u00e8re fluide, elle se distingue par son encolure Bardot \u00e0 volants fronc\u00e9s laissant les \u00e9paules d\u00e9nud\u00e9es. Sa coupe ajust\u00e9e cr\u00e9e une allure f\u00e9minine et dynamique, parfaite pour la saison.<\/p>\n<p>&#8211; Robe courte Femme<br \/>\n<br \/>&#8211; Col Bardot \u00e0 volants fronc\u00e9s<br \/>\n<br \/>&#8211; \u00c9paules d\u00e9nud\u00e9es<br \/>\n<br \/>&#8211; Coupe slim<br \/>\n<br \/>&#8211; 100% Viscose<br \/>\n<br \/>&#8211; La viscose est une mati\u00e8re d&#8217;origine naturelle, appr\u00e9ci\u00e9e pour sa grande fluidit\u00e9, sa douceur et son aspect soyeux. Elle offre un tomber \u00e9l\u00e9gant et reste l\u00e9g\u00e8re et respirante sur la &#8211; peau.<\/p>\n","protected":false},"excerpt":{"rendered":"<p>Une silhouette romantique et audacieuse pour cette robe courte qui sublime le d\u00e9collet\u00e9. Confectionn\u00e9e dans une mati\u00e8re fluide, elle se distingue par son encolure Bardot \u00e0 volants fronc\u00e9s laissant les \u00e9paules d\u00e9nud\u00e9es. Sa coupe ajust\u00e9e cr\u00e9e une allure f\u00e9minine et dynamique, parfaite pour la saison. &#8211; Robe courte Femme &#8211; Col Bardot \u00e0 volants fronc\u00e9s [&hellip;]<\/p>\n","protected":false},"featured_media":3928854,"comment_status":"open","ping_status":"closed","template":"","meta":[],"product_brand":[6868],"product_cat":[],"product_tag":[],"acf":[],"_links":{"self":[{"href":"https:\/\/streetmarkets.fr\/app\/wp-json\/wp\/v2\/product\/3928853"}],"collection":[{"href":"https:\/\/streetmarkets.fr\/app\/wp-json\/wp\/v2\/product"}],"about":[{"href":"https:\/\/streetmarkets.fr\/app\/wp-json\/wp\/v2\/types\/product"}],"replies":[{"embeddable":true,"href":"https:\/\/streetmarkets.fr\/app\/wp-json\/wp\/v2\/comments?post=3928853"}],"wp:featuredmedia":[{"embeddable":true,"href":"https:\/\/streetmarkets.fr\/app\/wp-json\/wp\/v2\/media\/3928854"}],"wp:attachment":[{"href":"https:\/\/streetmarkets.fr\/app\/wp-json\/wp\/v2\/media?parent=3928853"}],"wp:term":[{"taxonomy":"product_brand","embeddable":true,"href":"https:\/\/streetmarkets.fr\/app\/wp-json\/wp\/v2\/product_brand?post=3928853"},{"taxonomy":"product_cat","embeddable":true,"href":"https:\/\/streetmarkets.fr\/app\/wp-json\/wp\/v2\/product_cat?post=3928853"},{"taxonomy":"product_tag","embeddable":true,"href":"https:\/\/streetmarkets.fr\/app\/wp-json\/wp\/v2\/product_tag?post=3928853"}],"curies":[{"name":"wp","href":"https:\/\/api.w.org\/{rel}","templated":true}]}}