{"id":3928783,"date":"2026-04-11T02:00:18","date_gmt":"2026-04-11T00:00:18","guid":{"rendered":"https:\/\/streetmarkets.fr\/app\/produit\/robe-longue-ouverture-sur-les-cotes-s26-femme-baby-blue-rws\/"},"modified":"2026-05-08T01:59:42","modified_gmt":"2026-05-07T23:59:42","slug":"robe-longue-ouverture-sur-les-cotes-s26-femme-baby-blue-rws","status":"publish","type":"product","link":"https:\/\/streetmarkets.fr\/app\/produit\/robe-longue-ouverture-sur-les-cotes-s26-femme-baby-blue-rws\/","title":{"rendered":"Robe Longue Ouverture sur les C\u00f4t\u00e9s (S26\/ FEMME\/ Baby Blue \/ RWS)"},"content":{"rendered":"<p>Silhouette sculpturale et d\u00e9tails artisanaux se rencontrent dans cette robe longue \u00e0 c\u00f4tes, pi\u00e8ce ma\u00eetresse de la collection. Confectionn\u00e9e en pure laine m\u00e9rinos extrafine, elle surprend par ses d\u00e9coupes audacieuses \u00e0 la taille, soulign\u00e9es par des finitions en crochet bicolore. Sa coupe slim \u00e9pouse les lignes du corps pour une allure moderne et f\u00e9minine.<\/p>\n<p>&#8211; Robe longue \u00e0 c\u00f4tes en 100% laine m\u00e9rinos extrafine certifi\u00e9e RWS<br \/>\n<br \/>&#8211; Col rond<br \/>\n<br \/>&#8211; D\u00e9coupes ajour\u00e9es sur les c\u00f4t\u00e9s \u00e0 la taille<br \/>\n<br \/>&#8211; Finitions crochet bicolore \u00e0 l&#8217;encolure et aux ouvertures<br \/>\n<br \/>&#8211; Coupe slim<br \/>\n<br \/>&#8211; Le Responsible Wool Standard (RWS) garantit le bien-\u00eatre des moutons pour la production de la laine et le respect des terres sur lesquelles ils p\u00e2turent.<\/p>\n","protected":false},"excerpt":{"rendered":"<p>Silhouette sculpturale et d\u00e9tails artisanaux se rencontrent dans cette robe longue \u00e0 c\u00f4tes, pi\u00e8ce ma\u00eetresse de la collection. Confectionn\u00e9e en pure laine m\u00e9rinos extrafine, elle surprend par ses d\u00e9coupes audacieuses \u00e0 la taille, soulign\u00e9es par des finitions en crochet bicolore. Sa coupe slim \u00e9pouse les lignes du corps pour une allure moderne et f\u00e9minine. &#8211; [&hellip;]<\/p>\n","protected":false},"featured_media":3928784,"comment_status":"open","ping_status":"closed","template":"","meta":[],"product_brand":[6868],"product_cat":[],"product_tag":[],"acf":[],"_links":{"self":[{"href":"https:\/\/streetmarkets.fr\/app\/wp-json\/wp\/v2\/product\/3928783"}],"collection":[{"href":"https:\/\/streetmarkets.fr\/app\/wp-json\/wp\/v2\/product"}],"about":[{"href":"https:\/\/streetmarkets.fr\/app\/wp-json\/wp\/v2\/types\/product"}],"replies":[{"embeddable":true,"href":"https:\/\/streetmarkets.fr\/app\/wp-json\/wp\/v2\/comments?post=3928783"}],"wp:featuredmedia":[{"embeddable":true,"href":"https:\/\/streetmarkets.fr\/app\/wp-json\/wp\/v2\/media\/3928784"}],"wp:attachment":[{"href":"https:\/\/streetmarkets.fr\/app\/wp-json\/wp\/v2\/media?parent=3928783"}],"wp:term":[{"taxonomy":"product_brand","embeddable":true,"href":"https:\/\/streetmarkets.fr\/app\/wp-json\/wp\/v2\/product_brand?post=3928783"},{"taxonomy":"product_cat","embeddable":true,"href":"https:\/\/streetmarkets.fr\/app\/wp-json\/wp\/v2\/product_cat?post=3928783"},{"taxonomy":"product_tag","embeddable":true,"href":"https:\/\/streetmarkets.fr\/app\/wp-json\/wp\/v2\/product_tag?post=3928783"}],"curies":[{"name":"wp","href":"https:\/\/api.w.org\/{rel}","templated":true}]}}