{"id":3928713,"date":"2026-04-11T02:00:12","date_gmt":"2026-04-11T00:00:12","guid":{"rendered":"https:\/\/streetmarkets.fr\/app\/produit\/pull-cardigan-tricolore-s26-femme-sable\/"},"modified":"2026-05-10T01:58:20","modified_gmt":"2026-05-09T23:58:20","slug":"pull-cardigan-tricolore-s26-femme-sable","status":"publish","type":"product","link":"https:\/\/streetmarkets.fr\/app\/produit\/pull-cardigan-tricolore-s26-femme-sable\/","title":{"rendered":"Pull Cardigan Tricolore (S26 \/ FEMME \/ Sable)"},"content":{"rendered":"<p>Une maille douce et ultra-l\u00e9g\u00e8re pour ce pull cardigan court confectionn\u00e9 en cachemire. Rythm\u00e9 par des finitions contrast\u00e9es au col, au bas du v\u00eatement et aux poignets, il affiche une allure graphique et r\u00e9solument moderne. Un essentiel du vestiaire, \u00e0 porter \u00e0 m\u00eame la peau pour un look effortless.<\/p>\n<p>&#8211; Pull cardigan court en cachemire 2 fils certifi\u00e9 GCS<br \/>\n<br \/>&#8211; Cachemire l\u00e9ger<br \/>\n<br \/>&#8211; Col rond<br \/>\n<br \/>&#8211; Finitions contrast\u00e9es<br \/>\n<br \/>&#8211; Bords c\u00f4tel\u00e9s<br \/>\n<br \/>&#8211; Coupe slim<br \/>\n<br \/>&#8211; Cachemire 2 fils<br \/>\n<br \/>&#8211; Le Good Cashmere Standard\u00ae (GCS) est une norme ind\u00e9pendante pour un cachemire plus durable et plus responsable. Il vise \u00e0 am\u00e9liorer le bien-\u00eatre des ch\u00e8vres cachemire, les conditions de travail des \u00e9leveurs ainsi qu&#8217;\u00e0 prot\u00e9ger l&#8217;environnement.<\/p>\n","protected":false},"excerpt":{"rendered":"<p>Une maille douce et ultra-l\u00e9g\u00e8re pour ce pull cardigan court confectionn\u00e9 en cachemire. Rythm\u00e9 par des finitions contrast\u00e9es au col, au bas du v\u00eatement et aux poignets, il affiche une allure graphique et r\u00e9solument moderne. Un essentiel du vestiaire, \u00e0 porter \u00e0 m\u00eame la peau pour un look effortless. &#8211; Pull cardigan court en cachemire [&hellip;]<\/p>\n","protected":false},"featured_media":3928714,"comment_status":"open","ping_status":"closed","template":"","meta":[],"product_brand":[6868],"product_cat":[],"product_tag":[],"acf":[],"_links":{"self":[{"href":"https:\/\/streetmarkets.fr\/app\/wp-json\/wp\/v2\/product\/3928713"}],"collection":[{"href":"https:\/\/streetmarkets.fr\/app\/wp-json\/wp\/v2\/product"}],"about":[{"href":"https:\/\/streetmarkets.fr\/app\/wp-json\/wp\/v2\/types\/product"}],"replies":[{"embeddable":true,"href":"https:\/\/streetmarkets.fr\/app\/wp-json\/wp\/v2\/comments?post=3928713"}],"wp:featuredmedia":[{"embeddable":true,"href":"https:\/\/streetmarkets.fr\/app\/wp-json\/wp\/v2\/media\/3928714"}],"wp:attachment":[{"href":"https:\/\/streetmarkets.fr\/app\/wp-json\/wp\/v2\/media?parent=3928713"}],"wp:term":[{"taxonomy":"product_brand","embeddable":true,"href":"https:\/\/streetmarkets.fr\/app\/wp-json\/wp\/v2\/product_brand?post=3928713"},{"taxonomy":"product_cat","embeddable":true,"href":"https:\/\/streetmarkets.fr\/app\/wp-json\/wp\/v2\/product_cat?post=3928713"},{"taxonomy":"product_tag","embeddable":true,"href":"https:\/\/streetmarkets.fr\/app\/wp-json\/wp\/v2\/product_tag?post=3928713"}],"curies":[{"name":"wp","href":"https:\/\/api.w.org\/{rel}","templated":true}]}}