{"id":3928687,"date":"2026-04-11T02:00:09","date_gmt":"2026-04-11T00:00:09","guid":{"rendered":"https:\/\/streetmarkets.fr\/app\/produit\/t-shirt-imprime-boat-club-s26-homme-blanc\/"},"modified":"2026-05-13T01:41:47","modified_gmt":"2026-05-12T23:41:47","slug":"t-shirt-imprime-boat-club-s26-homme-blanc","status":"publish","type":"product","link":"https:\/\/streetmarkets.fr\/app\/produit\/t-shirt-imprime-boat-club-s26-homme-blanc\/","title":{"rendered":"T-shirt Imprim\u00e9 &#8220;Boat Club&#8221; (S26 \/ HOMME \/ Blanc)"},"content":{"rendered":"<p>Ce t-shirt \u00e0 manches courtes mise sur un look vintage et graphique. Confectionn\u00e9 au Portugal dans un coton de qualit\u00e9, il pr\u00e9sente une coupe regular classique pour un confort optimal. Il se distingue par son imprim\u00e9 &#8220;From Future&#8217;s BOAT CLUB&#8221; au dos, accompagn\u00e9 d&#8217;une illustration de hors-bord, et d&#8217;un rappel du logo sur la poitrine.<\/p>\n<p>&#8211; T-shirt col rond \u00e0 manches courtes<br \/>\n<br \/>&#8211; 100% Coton<br \/>\n<br \/>&#8211; Imprim\u00e9 &#8220;Boat Club&#8221; sur le devant et au dos<br \/>\n<br \/>&#8211; Coupe regular<br \/>\n<br \/>&#8211; Fabriqu\u00e9 au Portugal<\/p>\n","protected":false},"excerpt":{"rendered":"<p>Ce t-shirt \u00e0 manches courtes mise sur un look vintage et graphique. Confectionn\u00e9 au Portugal dans un coton de qualit\u00e9, il pr\u00e9sente une coupe regular classique pour un confort optimal. Il se distingue par son imprim\u00e9 &#8220;From Future&#8217;s BOAT CLUB&#8221; au dos, accompagn\u00e9 d&#8217;une illustration de hors-bord, et d&#8217;un rappel du logo sur la poitrine. [&hellip;]<\/p>\n","protected":false},"featured_media":3928688,"comment_status":"open","ping_status":"closed","template":"","meta":[],"product_brand":[6868],"product_cat":[],"product_tag":[],"acf":[],"_links":{"self":[{"href":"https:\/\/streetmarkets.fr\/app\/wp-json\/wp\/v2\/product\/3928687"}],"collection":[{"href":"https:\/\/streetmarkets.fr\/app\/wp-json\/wp\/v2\/product"}],"about":[{"href":"https:\/\/streetmarkets.fr\/app\/wp-json\/wp\/v2\/types\/product"}],"replies":[{"embeddable":true,"href":"https:\/\/streetmarkets.fr\/app\/wp-json\/wp\/v2\/comments?post=3928687"}],"wp:featuredmedia":[{"embeddable":true,"href":"https:\/\/streetmarkets.fr\/app\/wp-json\/wp\/v2\/media\/3928688"}],"wp:attachment":[{"href":"https:\/\/streetmarkets.fr\/app\/wp-json\/wp\/v2\/media?parent=3928687"}],"wp:term":[{"taxonomy":"product_brand","embeddable":true,"href":"https:\/\/streetmarkets.fr\/app\/wp-json\/wp\/v2\/product_brand?post=3928687"},{"taxonomy":"product_cat","embeddable":true,"href":"https:\/\/streetmarkets.fr\/app\/wp-json\/wp\/v2\/product_cat?post=3928687"},{"taxonomy":"product_tag","embeddable":true,"href":"https:\/\/streetmarkets.fr\/app\/wp-json\/wp\/v2\/product_tag?post=3928687"}],"curies":[{"name":"wp","href":"https:\/\/api.w.org\/{rel}","templated":true}]}}