{"id":3928614,"date":"2026-04-11T01:59:49","date_gmt":"2026-04-10T23:59:49","guid":{"rendered":"https:\/\/streetmarkets.fr\/app\/produit\/chemise-manches-courtes-print-frise-s26-homme-ecru\/"},"modified":"2026-05-17T01:37:41","modified_gmt":"2026-05-16T23:37:41","slug":"chemise-manches-courtes-print-frise-s26-homme-ecru","status":"publish","type":"product","link":"https:\/\/streetmarkets.fr\/app\/produit\/chemise-manches-courtes-print-frise-s26-homme-ecru\/","title":{"rendered":"Chemise Manches Courtes Print Frise (S26 \/ HOMME \/ Ecru)"},"content":{"rendered":"<p>Pi\u00e8ce ma\u00eetresse de notre collection d&#8217;\u00e9t\u00e9 sur le th\u00e8me Br\u00e9sil, cette chemise \u00e0 manches courtes apporte exotisme et fra\u00eecheur \u00e0 votre vestiaire. Confectionn\u00e9e dans un m\u00e9lange noble de lin et de coton, elle se distingue par son print frise exclusif compos\u00e9 de fruits tropicaux et de fleurs color\u00e9es. Son dos arbore le logo &#8220;FUTURE Fresh Juices&#8221;, capturant l&#8217;esprit solaire et vibrant de la saison.<\/p>\n<p>&#8211; Chemise \u00e0 manches courtes<br \/>\n<br \/>&#8211; 55% Lin, 45% Coton<br \/>\n<br \/>&#8211; Motif floral et fruit\u00e9 en frise sur le devant<br \/>\n<br \/>&#8211; &#8220;FUTURE&#8221; imprim\u00e9 au dos<br \/>\n<br \/>&#8211; Coupe regular<\/p>\n","protected":false},"excerpt":{"rendered":"<p>Pi\u00e8ce ma\u00eetresse de notre collection d&#8217;\u00e9t\u00e9 sur le th\u00e8me Br\u00e9sil, cette chemise \u00e0 manches courtes apporte exotisme et fra\u00eecheur \u00e0 votre vestiaire. Confectionn\u00e9e dans un m\u00e9lange noble de lin et de coton, elle se distingue par son print frise exclusif compos\u00e9 de fruits tropicaux et de fleurs color\u00e9es. Son dos arbore le logo &#8220;FUTURE Fresh [&hellip;]<\/p>\n","protected":false},"featured_media":3928615,"comment_status":"open","ping_status":"closed","template":"","meta":[],"product_brand":[6868],"product_cat":[],"product_tag":[],"acf":[],"_links":{"self":[{"href":"https:\/\/streetmarkets.fr\/app\/wp-json\/wp\/v2\/product\/3928614"}],"collection":[{"href":"https:\/\/streetmarkets.fr\/app\/wp-json\/wp\/v2\/product"}],"about":[{"href":"https:\/\/streetmarkets.fr\/app\/wp-json\/wp\/v2\/types\/product"}],"replies":[{"embeddable":true,"href":"https:\/\/streetmarkets.fr\/app\/wp-json\/wp\/v2\/comments?post=3928614"}],"wp:featuredmedia":[{"embeddable":true,"href":"https:\/\/streetmarkets.fr\/app\/wp-json\/wp\/v2\/media\/3928615"}],"wp:attachment":[{"href":"https:\/\/streetmarkets.fr\/app\/wp-json\/wp\/v2\/media?parent=3928614"}],"wp:term":[{"taxonomy":"product_brand","embeddable":true,"href":"https:\/\/streetmarkets.fr\/app\/wp-json\/wp\/v2\/product_brand?post=3928614"},{"taxonomy":"product_cat","embeddable":true,"href":"https:\/\/streetmarkets.fr\/app\/wp-json\/wp\/v2\/product_cat?post=3928614"},{"taxonomy":"product_tag","embeddable":true,"href":"https:\/\/streetmarkets.fr\/app\/wp-json\/wp\/v2\/product_tag?post=3928614"}],"curies":[{"name":"wp","href":"https:\/\/api.w.org\/{rel}","templated":true}]}}