{"id":3928526,"date":"2026-04-11T01:59:23","date_gmt":"2026-04-10T23:59:23","guid":{"rendered":"https:\/\/streetmarkets.fr\/app\/produit\/robe-longue-bustier-a-dentelle-s26-femme-ecru\/"},"modified":"2026-05-09T02:20:38","modified_gmt":"2026-05-09T00:20:38","slug":"robe-longue-bustier-a-dentelle-s26-femme-ecru","status":"publish","type":"product","link":"https:\/\/streetmarkets.fr\/app\/produit\/robe-longue-bustier-a-dentelle-s26-femme-ecru\/","title":{"rendered":"Robe Longue Bustier \u00e0 Dentelle (S26\/ FEMME\/ Ecru )"},"content":{"rendered":"<p>Pi\u00e8ce d&#8217;exception de votre vestiaire de c\u00e9r\u00e9monie, cette robe longue en soie allie puret\u00e9 et sophistication. Sa coupe bustier structur\u00e9e en pure soie naturelle s&#8217;\u00e9quilibre avec un bas de robe en dentelle ajour\u00e9e, cr\u00e9ant un jeu de transparence raffin\u00e9. Une silhouette de soir\u00e9e luxueuse au tomb\u00e9 fluide et impeccable.<\/p>\n<p>&#8211; Robe longue en 100% soie<br \/>\n<br \/>&#8211; Coupe bustier ajust\u00e9e<br \/>\n<br \/>&#8211; Bas de robe \u00e9vas\u00e9 avec empi\u00e8cement en dentelle<br \/>\n<br \/>&#8211; Mati\u00e8re noble, fluide et naturellement brillante<\/p>\n","protected":false},"excerpt":{"rendered":"<p>Pi\u00e8ce d&#8217;exception de votre vestiaire de c\u00e9r\u00e9monie, cette robe longue en soie allie puret\u00e9 et sophistication. Sa coupe bustier structur\u00e9e en pure soie naturelle s&#8217;\u00e9quilibre avec un bas de robe en dentelle ajour\u00e9e, cr\u00e9ant un jeu de transparence raffin\u00e9. Une silhouette de soir\u00e9e luxueuse au tomb\u00e9 fluide et impeccable. &#8211; Robe longue en 100% soie [&hellip;]<\/p>\n","protected":false},"featured_media":3928527,"comment_status":"open","ping_status":"closed","template":"","meta":[],"product_brand":[6868],"product_cat":[],"product_tag":[],"acf":[],"_links":{"self":[{"href":"https:\/\/streetmarkets.fr\/app\/wp-json\/wp\/v2\/product\/3928526"}],"collection":[{"href":"https:\/\/streetmarkets.fr\/app\/wp-json\/wp\/v2\/product"}],"about":[{"href":"https:\/\/streetmarkets.fr\/app\/wp-json\/wp\/v2\/types\/product"}],"replies":[{"embeddable":true,"href":"https:\/\/streetmarkets.fr\/app\/wp-json\/wp\/v2\/comments?post=3928526"}],"wp:featuredmedia":[{"embeddable":true,"href":"https:\/\/streetmarkets.fr\/app\/wp-json\/wp\/v2\/media\/3928527"}],"wp:attachment":[{"href":"https:\/\/streetmarkets.fr\/app\/wp-json\/wp\/v2\/media?parent=3928526"}],"wp:term":[{"taxonomy":"product_brand","embeddable":true,"href":"https:\/\/streetmarkets.fr\/app\/wp-json\/wp\/v2\/product_brand?post=3928526"},{"taxonomy":"product_cat","embeddable":true,"href":"https:\/\/streetmarkets.fr\/app\/wp-json\/wp\/v2\/product_cat?post=3928526"},{"taxonomy":"product_tag","embeddable":true,"href":"https:\/\/streetmarkets.fr\/app\/wp-json\/wp\/v2\/product_tag?post=3928526"}],"curies":[{"name":"wp","href":"https:\/\/api.w.org\/{rel}","templated":true}]}}