{"id":3928411,"date":"2026-04-11T01:43:41","date_gmt":"2026-04-10T23:43:41","guid":{"rendered":"https:\/\/streetmarkets.fr\/app\/produit\/bracelet-tons-bleu-turquoise-en-perles-nepalaises\/"},"modified":"2026-05-06T01:43:51","modified_gmt":"2026-05-05T23:43:51","slug":"bracelet-tons-bleu-turquoise-en-perles-nepalaises","status":"publish","type":"product","link":"https:\/\/streetmarkets.fr\/app\/produit\/bracelet-tons-bleu-turquoise-en-perles-nepalaises\/","title":{"rendered":"Bracelet tons bleu turquoise en perles n\u00e9palaises"},"content":{"rendered":"<ul>\n<li>bracelet en perles de verre<\/li>\n<li>\u00a0bleu <strong>turquoise, violet<\/strong> et <strong>argent\u00e9<\/strong>\u00a0\n<\/li>\n<li>facile \u00e0 mettre en s&#8217;enroulant autour du poignet<\/li>\n<li>fait \u00e0 la main dans un atelier de <strong>commerce \u00e9quitable<\/strong>\u00a0au N\u00e9pal\u00a0<\/li>\n<li>disponible dans d&#8217;autres coloris\u00a0<\/li>\n<li>marque fran\u00e7aise <strong>Maison Kizo<\/strong>\n<\/li>\n<\/ul>\n","protected":false},"excerpt":{"rendered":"<p>bracelet en perles de verre \u00a0bleu turquoise, violet et argent\u00e9\u00a0 facile \u00e0 mettre en s&#8217;enroulant autour du poignet fait \u00e0 la main dans un atelier de commerce \u00e9quitable\u00a0au N\u00e9pal\u00a0 disponible dans d&#8217;autres coloris\u00a0 marque fran\u00e7aise Maison Kizo<\/p>\n","protected":false},"featured_media":3928412,"comment_status":"open","ping_status":"closed","template":"","meta":[],"product_brand":[],"product_cat":[],"product_tag":[],"acf":[],"_links":{"self":[{"href":"https:\/\/streetmarkets.fr\/app\/wp-json\/wp\/v2\/product\/3928411"}],"collection":[{"href":"https:\/\/streetmarkets.fr\/app\/wp-json\/wp\/v2\/product"}],"about":[{"href":"https:\/\/streetmarkets.fr\/app\/wp-json\/wp\/v2\/types\/product"}],"replies":[{"embeddable":true,"href":"https:\/\/streetmarkets.fr\/app\/wp-json\/wp\/v2\/comments?post=3928411"}],"wp:featuredmedia":[{"embeddable":true,"href":"https:\/\/streetmarkets.fr\/app\/wp-json\/wp\/v2\/media\/3928412"}],"wp:attachment":[{"href":"https:\/\/streetmarkets.fr\/app\/wp-json\/wp\/v2\/media?parent=3928411"}],"wp:term":[{"taxonomy":"product_brand","embeddable":true,"href":"https:\/\/streetmarkets.fr\/app\/wp-json\/wp\/v2\/product_brand?post=3928411"},{"taxonomy":"product_cat","embeddable":true,"href":"https:\/\/streetmarkets.fr\/app\/wp-json\/wp\/v2\/product_cat?post=3928411"},{"taxonomy":"product_tag","embeddable":true,"href":"https:\/\/streetmarkets.fr\/app\/wp-json\/wp\/v2\/product_tag?post=3928411"}],"curies":[{"name":"wp","href":"https:\/\/api.w.org\/{rel}","templated":true}]}}