{"id":3928299,"date":"2026-04-11T01:16:16","date_gmt":"2026-04-10T23:16:16","guid":{"rendered":"https:\/\/streetmarkets.fr\/app\/produit\/miroir-pensee\/"},"modified":"2026-05-11T01:15:05","modified_gmt":"2026-05-10T23:15:05","slug":"miroir-pensee","status":"publish","type":"product","link":"https:\/\/streetmarkets.fr\/app\/produit\/miroir-pensee\/","title":{"rendered":"Miroir Pens\u00e9e"},"content":{"rendered":"<p class=\"p1\"><span><strong><a href=\"\/collections\/coucou-suzette\" title=\"Collection Coucou Suzette\">Collection Coucou Suzette<\/a><\/strong><\/span><\/p>\n<p><span>Pour checker sa dentition post-d\u00e9j, on sort discretos ce miroir de poche en forme de pens\u00e9e violette. Une bien belle fleur tout en effets &amp; nuances de mauve, qui se glisse facilement dans un sac \u00e0 main ou une banane.<\/span><\/p>\n<p>Ce miroir est fait \u00e0 partir d&#8217;Acetate de Cellulose recycl\u00e9e &amp; biod\u00e9gradable (Eco-Friendly).<\/p>\n<p><span> <em>&#8211; Composition : ac\u00e9tate de cellulose<\/em><br \/><em>&#8211; Chaque cr\u00e9ation est unique, la couleur peut varier l\u00e9g\u00e8rement selon le morceau d&#8217;ac\u00e9tate utilis\u00e9<\/em><br \/><em>&#8211; Fabriqu\u00e9e en Chine dans une usine audit\u00e9e<\/em><\/span><\/p>\n<p><span>Dimensions : environ 7 cm x 6,5 cm<\/span><\/p>\n","protected":false},"excerpt":{"rendered":"<p>Collection Coucou Suzette Pour checker sa dentition post-d\u00e9j, on sort discretos ce miroir de poche en forme de pens\u00e9e violette. Une bien belle fleur tout en effets &amp; nuances de mauve, qui se glisse facilement dans un sac \u00e0 main ou une banane. Ce miroir est fait \u00e0 partir d&#8217;Acetate de Cellulose recycl\u00e9e &amp; biod\u00e9gradable [&hellip;]<\/p>\n","protected":false},"featured_media":3928300,"comment_status":"open","ping_status":"closed","template":"","meta":[],"product_brand":[],"product_cat":[],"product_tag":[],"acf":[],"_links":{"self":[{"href":"https:\/\/streetmarkets.fr\/app\/wp-json\/wp\/v2\/product\/3928299"}],"collection":[{"href":"https:\/\/streetmarkets.fr\/app\/wp-json\/wp\/v2\/product"}],"about":[{"href":"https:\/\/streetmarkets.fr\/app\/wp-json\/wp\/v2\/types\/product"}],"replies":[{"embeddable":true,"href":"https:\/\/streetmarkets.fr\/app\/wp-json\/wp\/v2\/comments?post=3928299"}],"wp:featuredmedia":[{"embeddable":true,"href":"https:\/\/streetmarkets.fr\/app\/wp-json\/wp\/v2\/media\/3928300"}],"wp:attachment":[{"href":"https:\/\/streetmarkets.fr\/app\/wp-json\/wp\/v2\/media?parent=3928299"}],"wp:term":[{"taxonomy":"product_brand","embeddable":true,"href":"https:\/\/streetmarkets.fr\/app\/wp-json\/wp\/v2\/product_brand?post=3928299"},{"taxonomy":"product_cat","embeddable":true,"href":"https:\/\/streetmarkets.fr\/app\/wp-json\/wp\/v2\/product_cat?post=3928299"},{"taxonomy":"product_tag","embeddable":true,"href":"https:\/\/streetmarkets.fr\/app\/wp-json\/wp\/v2\/product_tag?post=3928299"}],"curies":[{"name":"wp","href":"https:\/\/api.w.org\/{rel}","templated":true}]}}