{"id":3928173,"date":"2026-04-11T00:49:15","date_gmt":"2026-04-10T22:49:15","guid":{"rendered":"https:\/\/streetmarkets.fr\/app\/produit\/assos-casquette-endurance-p1-black\/"},"modified":"2026-05-06T00:48:58","modified_gmt":"2026-05-05T22:48:58","slug":"assos-casquette-endurance-p1-black","status":"publish","type":"product","link":"https:\/\/streetmarkets.fr\/app\/produit\/assos-casquette-endurance-p1-black\/","title":{"rendered":"Assos Casquette Endurance P1 Black"},"content":{"rendered":"<p>La Assos Casquette Endurance P1 Black\u00a0revisite la casquette cycliste classique avec des mat\u00e9riaux modernes. L\u00e9g\u00e8re et respirante, elle \u00e9vacue efficacement l\u2019humidit\u00e9 et procure une sensation de fra\u00eecheur lors des sorties estivales.<\/p>\n<p>Son design intemporel avec bande centrale apporte une touche \u00e9l\u00e9gante sous le casque.<\/p>\n<p>Taille unique.<\/p>\n","protected":false},"excerpt":{"rendered":"<p>La Assos Casquette Endurance P1 Black\u00a0revisite la casquette cycliste classique avec des mat\u00e9riaux modernes. L\u00e9g\u00e8re et respirante, elle \u00e9vacue efficacement l\u2019humidit\u00e9 et procure une sensation de fra\u00eecheur lors des sorties estivales. Son design intemporel avec bande centrale apporte une touche \u00e9l\u00e9gante sous le casque. Taille unique.<\/p>\n","protected":false},"featured_media":3928174,"comment_status":"open","ping_status":"closed","template":"","meta":[],"product_brand":[],"product_cat":[],"product_tag":[],"acf":[],"_links":{"self":[{"href":"https:\/\/streetmarkets.fr\/app\/wp-json\/wp\/v2\/product\/3928173"}],"collection":[{"href":"https:\/\/streetmarkets.fr\/app\/wp-json\/wp\/v2\/product"}],"about":[{"href":"https:\/\/streetmarkets.fr\/app\/wp-json\/wp\/v2\/types\/product"}],"replies":[{"embeddable":true,"href":"https:\/\/streetmarkets.fr\/app\/wp-json\/wp\/v2\/comments?post=3928173"}],"wp:featuredmedia":[{"embeddable":true,"href":"https:\/\/streetmarkets.fr\/app\/wp-json\/wp\/v2\/media\/3928174"}],"wp:attachment":[{"href":"https:\/\/streetmarkets.fr\/app\/wp-json\/wp\/v2\/media?parent=3928173"}],"wp:term":[{"taxonomy":"product_brand","embeddable":true,"href":"https:\/\/streetmarkets.fr\/app\/wp-json\/wp\/v2\/product_brand?post=3928173"},{"taxonomy":"product_cat","embeddable":true,"href":"https:\/\/streetmarkets.fr\/app\/wp-json\/wp\/v2\/product_cat?post=3928173"},{"taxonomy":"product_tag","embeddable":true,"href":"https:\/\/streetmarkets.fr\/app\/wp-json\/wp\/v2\/product_tag?post=3928173"}],"curies":[{"name":"wp","href":"https:\/\/api.w.org\/{rel}","templated":true}]}}