{"id":3928154,"date":"2026-04-11T00:48:53","date_gmt":"2026-04-10T22:48:53","guid":{"rendered":"https:\/\/streetmarkets.fr\/app\/produit\/oakley-lunettes-sutro-lite-sweep-matte-black-prizm-golf\/"},"modified":"2026-05-13T00:48:51","modified_gmt":"2026-05-12T22:48:51","slug":"oakley-lunettes-sutro-lite-sweep-matte-black-prizm-golf","status":"publish","type":"product","link":"https:\/\/streetmarkets.fr\/app\/produit\/oakley-lunettes-sutro-lite-sweep-matte-black-prizm-golf\/","title":{"rendered":"Oakley lunettes Sutro Lite Sweep Matte Black Prizm Golf"},"content":{"rendered":"<h4 data-start=\"124\" data-end=\"215\">Oakley Sutro Lite Sweep Matte Black Prizm Golf \u2013 Lunettes de sport haute performance<\/h4>\n<p data-start=\"217\" data-end=\"500\">Les <strong data-start=\"221\" data-end=\"271\">Oakley Sutro Lite Sweep Matte Black Prizm Golf<\/strong> fusionnent la forme de verre Sweep embl\u00e9matique des Eyeshade avec la monture l\u00e9g\u00e8re et pl\u00e9biscit\u00e9e des Sutro Lite. Le r\u00e9sultat : un design audacieux, moderne et pens\u00e9 pour offrir \u00e0 la fois <strong data-start=\"461\" data-end=\"499\">durabilit\u00e9, confort et performance<\/strong>.<\/p>\n<p data-start=\"502\" data-end=\"852\">Gr\u00e2ce \u00e0 leur <strong data-start=\"515\" data-end=\"539\">couverture optimis\u00e9e<\/strong>, leur <strong data-start=\"546\" data-end=\"572\">champ de vision \u00e9largi<\/strong>, leur <strong data-start=\"579\" data-end=\"597\">maintien ferme<\/strong> et leur <strong data-start=\"606\" data-end=\"632\">r\u00e9sistance aux impacts<\/strong>, ces lunettes sont parfaitement adapt\u00e9es \u00e0 un mode de vie actif. Sur le parcours de golf comme lors de vos entra\u00eenements en plein air, elles offrent une vision claire, une protection optimale et un confort longue dur\u00e9e.<\/p>\n","protected":false},"excerpt":{"rendered":"<p>Oakley Sutro Lite Sweep Matte Black Prizm Golf \u2013 Lunettes de sport haute performance Les Oakley Sutro Lite Sweep Matte Black Prizm Golf fusionnent la forme de verre Sweep embl\u00e9matique des Eyeshade avec la monture l\u00e9g\u00e8re et pl\u00e9biscit\u00e9e des Sutro Lite. Le r\u00e9sultat : un design audacieux, moderne et pens\u00e9 pour offrir \u00e0 la fois [&hellip;]<\/p>\n","protected":false},"featured_media":3928155,"comment_status":"open","ping_status":"closed","template":"","meta":[],"product_brand":[],"product_cat":[],"product_tag":[],"acf":[],"_links":{"self":[{"href":"https:\/\/streetmarkets.fr\/app\/wp-json\/wp\/v2\/product\/3928154"}],"collection":[{"href":"https:\/\/streetmarkets.fr\/app\/wp-json\/wp\/v2\/product"}],"about":[{"href":"https:\/\/streetmarkets.fr\/app\/wp-json\/wp\/v2\/types\/product"}],"replies":[{"embeddable":true,"href":"https:\/\/streetmarkets.fr\/app\/wp-json\/wp\/v2\/comments?post=3928154"}],"wp:featuredmedia":[{"embeddable":true,"href":"https:\/\/streetmarkets.fr\/app\/wp-json\/wp\/v2\/media\/3928155"}],"wp:attachment":[{"href":"https:\/\/streetmarkets.fr\/app\/wp-json\/wp\/v2\/media?parent=3928154"}],"wp:term":[{"taxonomy":"product_brand","embeddable":true,"href":"https:\/\/streetmarkets.fr\/app\/wp-json\/wp\/v2\/product_brand?post=3928154"},{"taxonomy":"product_cat","embeddable":true,"href":"https:\/\/streetmarkets.fr\/app\/wp-json\/wp\/v2\/product_cat?post=3928154"},{"taxonomy":"product_tag","embeddable":true,"href":"https:\/\/streetmarkets.fr\/app\/wp-json\/wp\/v2\/product_tag?post=3928154"}],"curies":[{"name":"wp","href":"https:\/\/api.w.org\/{rel}","templated":true}]}}