{"id":3928129,"date":"2026-04-11T00:43:11","date_gmt":"2026-04-10T22:43:11","guid":{"rendered":"https:\/\/streetmarkets.fr\/app\/produit\/faenza-veste-lin-et-coton-naturel\/"},"modified":"2026-04-25T00:43:01","modified_gmt":"2026-04-24T22:43:01","slug":"faenza-veste-lin-et-coton-naturel","status":"publish","type":"product","link":"https:\/\/streetmarkets.fr\/app\/produit\/faenza-veste-lin-et-coton-naturel\/","title":{"rendered":"Faenza, Veste lin et coton naturel"},"content":{"rendered":"<p>Veste l\u00e9g\u00e8re et tr\u00e8s souple dans un tissu de qualit\u00e9 sup\u00e9rieure en lin coton tr\u00e8s agr\u00e9able, parfaite pour l&#8217;\u00e9t\u00e9.<\/p>\n<p>La veste Faenza en coton &amp; lin tr\u00e8s l\u00e9ger mais tr\u00e8s r\u00e9sistant.<\/p>\n<p>D\u00e9couvrez la veste pour femme Faenza Lin et Coton de la Maison Le Glazik, une marque historique de v\u00eatements marins bretons depuis 1928. Cette veste l\u00e9g\u00e8re et confortable est id\u00e9ale pour le printemps\/\u00e9t\u00e9, offrant une solution parfaite pour la mi-saison ou les soir\u00e9es estivales.<\/p>\n<\/p>\n<p>Confectionn\u00e9e dans une toile l\u00e9g\u00e8re, cette veste associe le lin et le coton, des mati\u00e8res naturelles qui font de ce produit un incontournable de la mode durable et responsable. Le Glazik a \u00e9t\u00e9 un pr\u00e9curseur dans l&#8217;utilisation du coton biologique d\u00e8s les ann\u00e9es 1990, mettant en avant ses valeurs de respect de l&#8217;environnement.<\/p>\n<\/p>\n<p>En plus de sa qualit\u00e9 \u00e9cologique, cette veste offre un large \u00e9ventail de couleurs exclusives \u00e0 la marque Le Glazik, permettant de choisir celle qui correspond le mieux \u00e0 votre style. Les boutons originaux ajoutent une touche de style unique, refl\u00e9tant l&#8217;attention aux d\u00e9tails caract\u00e9ristique de la marque.<\/p>\n<\/p>\n<p>Pour une tenue compl\u00e8te et harmonieuse, le pantalon Pline assorti, fabriqu\u00e9 dans le m\u00eame tissu, est \u00e9galement disponible. Vous pouvez ainsi cr\u00e9er un look parfaitement coordonn\u00e9.<\/p>\n<\/p>\n<p>D\u00e9couvrez d\u00e8s maintenant la veste pour femme Faenza Lin et Coton de la Maison Le Glazik et profitez d&#8217;un v\u00eatement de qualit\u00e9, alliant style, confort et durabilit\u00e9. Explorez notre collection et plongez dans l&#8217;univers marin breton de cette marque historique.<\/p>\n<\/p>\n<h3>Composition<\/h3>\n<p>60% lin<br \/>39% Coton<br \/>1% \u00c9lasthanne<\/p><\/p>\n","protected":false},"excerpt":{"rendered":"<p>Veste l\u00e9g\u00e8re et tr\u00e8s souple dans un tissu de qualit\u00e9 sup\u00e9rieure en lin coton tr\u00e8s agr\u00e9able, parfaite pour l&#8217;\u00e9t\u00e9. La veste Faenza en coton &amp; lin tr\u00e8s l\u00e9ger mais tr\u00e8s r\u00e9sistant. D\u00e9couvrez la veste pour femme Faenza Lin et Coton de la Maison Le Glazik, une marque historique de v\u00eatements marins bretons depuis 1928. Cette [&hellip;]<\/p>\n","protected":false},"featured_media":3928130,"comment_status":"open","ping_status":"closed","template":"","meta":[],"product_brand":[],"product_cat":[],"product_tag":[],"acf":[],"_links":{"self":[{"href":"https:\/\/streetmarkets.fr\/app\/wp-json\/wp\/v2\/product\/3928129"}],"collection":[{"href":"https:\/\/streetmarkets.fr\/app\/wp-json\/wp\/v2\/product"}],"about":[{"href":"https:\/\/streetmarkets.fr\/app\/wp-json\/wp\/v2\/types\/product"}],"replies":[{"embeddable":true,"href":"https:\/\/streetmarkets.fr\/app\/wp-json\/wp\/v2\/comments?post=3928129"}],"wp:featuredmedia":[{"embeddable":true,"href":"https:\/\/streetmarkets.fr\/app\/wp-json\/wp\/v2\/media\/3928130"}],"wp:attachment":[{"href":"https:\/\/streetmarkets.fr\/app\/wp-json\/wp\/v2\/media?parent=3928129"}],"wp:term":[{"taxonomy":"product_brand","embeddable":true,"href":"https:\/\/streetmarkets.fr\/app\/wp-json\/wp\/v2\/product_brand?post=3928129"},{"taxonomy":"product_cat","embeddable":true,"href":"https:\/\/streetmarkets.fr\/app\/wp-json\/wp\/v2\/product_cat?post=3928129"},{"taxonomy":"product_tag","embeddable":true,"href":"https:\/\/streetmarkets.fr\/app\/wp-json\/wp\/v2\/product_tag?post=3928129"}],"curies":[{"name":"wp","href":"https:\/\/api.w.org\/{rel}","templated":true}]}}