{"id":3928096,"date":"2026-04-10T08:40:53","date_gmt":"2026-04-10T06:40:53","guid":{"rendered":"https:\/\/streetmarkets.fr\/app\/produit\/robe-luxe-noir-poppy-g-kero-2\/"},"modified":"2026-05-12T08:40:30","modified_gmt":"2026-05-12T06:40:30","slug":"robe-luxe-noir-poppy-g-kero-2","status":"publish","type":"product","link":"https:\/\/streetmarkets.fr\/app\/produit\/robe-luxe-noir-poppy-g-kero-2\/","title":{"rendered":"Robe luxe noir poppy &#8211; G.Kero"},"content":{"rendered":"<div class=\"productContent-description\">\n<p>Robe longue \u00e0 bretelles avec un nouvel imprim\u00e9 sur fond noir\u00a0<\/p>\n<p>Composition : lin et viscose\u00a0<\/p>\n<p>La majorit\u00e9 des cr\u00e9ations G.Kero sont fabriqu\u00e9es en Italie et au Portugal, mais cette robe capri est une exception, elle est fabriqu\u00e9e en Inde. Parce qu\u2019il existe dans ce pays des ateliers sp\u00e9cialis\u00e9s qui travaillent le coton de mani\u00e8re unique.<\/p>\n<\/div>\n<p>Pi\u00e8ce \u00e9dit\u00e9e en s\u00e9rie limit\u00e9e et num\u00e9rot\u00e9e. Le num\u00e9ro de votre pi\u00e8ce est inscrit sur une etiquette \u00e0 l\u2019int\u00e9rieur de votre v\u00eatement<\/p>\n","protected":false},"excerpt":{"rendered":"<p>Robe longue \u00e0 bretelles avec un nouvel imprim\u00e9 sur fond noir\u00a0 Composition : lin et viscose\u00a0 La majorit\u00e9 des cr\u00e9ations G.Kero sont fabriqu\u00e9es en Italie et au Portugal, mais cette robe capri est une exception, elle est fabriqu\u00e9e en Inde. Parce qu\u2019il existe dans ce pays des ateliers sp\u00e9cialis\u00e9s qui travaillent le coton de mani\u00e8re [&hellip;]<\/p>\n","protected":false},"featured_media":3928097,"comment_status":"open","ping_status":"closed","template":"","meta":[],"product_brand":[],"product_cat":[],"product_tag":[],"acf":[],"_links":{"self":[{"href":"https:\/\/streetmarkets.fr\/app\/wp-json\/wp\/v2\/product\/3928096"}],"collection":[{"href":"https:\/\/streetmarkets.fr\/app\/wp-json\/wp\/v2\/product"}],"about":[{"href":"https:\/\/streetmarkets.fr\/app\/wp-json\/wp\/v2\/types\/product"}],"replies":[{"embeddable":true,"href":"https:\/\/streetmarkets.fr\/app\/wp-json\/wp\/v2\/comments?post=3928096"}],"wp:featuredmedia":[{"embeddable":true,"href":"https:\/\/streetmarkets.fr\/app\/wp-json\/wp\/v2\/media\/3928097"}],"wp:attachment":[{"href":"https:\/\/streetmarkets.fr\/app\/wp-json\/wp\/v2\/media?parent=3928096"}],"wp:term":[{"taxonomy":"product_brand","embeddable":true,"href":"https:\/\/streetmarkets.fr\/app\/wp-json\/wp\/v2\/product_brand?post=3928096"},{"taxonomy":"product_cat","embeddable":true,"href":"https:\/\/streetmarkets.fr\/app\/wp-json\/wp\/v2\/product_cat?post=3928096"},{"taxonomy":"product_tag","embeddable":true,"href":"https:\/\/streetmarkets.fr\/app\/wp-json\/wp\/v2\/product_tag?post=3928096"}],"curies":[{"name":"wp","href":"https:\/\/api.w.org\/{rel}","templated":true}]}}