{"id":3928093,"date":"2026-04-10T08:40:53","date_gmt":"2026-04-10T06:40:53","guid":{"rendered":"https:\/\/streetmarkets.fr\/app\/produit\/short-birds-color-venice-g-kero\/"},"modified":"2026-05-15T08:40:31","modified_gmt":"2026-05-15T06:40:31","slug":"short-birds-color-venice-g-kero","status":"publish","type":"product","link":"https:\/\/streetmarkets.fr\/app\/produit\/short-birds-color-venice-g-kero\/","title":{"rendered":"Short birds color venice &#8211; G.Kero"},"content":{"rendered":"<\/p>\n<p><span>Pi\u00e8ce \u00e9dit\u00e9e en s\u00e9rie limit\u00e9e et num\u00e9rot\u00e9e. Le num\u00e9ro de votre pi\u00e8ce est inscrit sur une etiquette \u00e0 l\u2019int\u00e9rieur de votre v\u00eatement.<\/span><\/p>\n","protected":false},"excerpt":{"rendered":"<p>Pi\u00e8ce \u00e9dit\u00e9e en s\u00e9rie limit\u00e9e et num\u00e9rot\u00e9e. Le num\u00e9ro de votre pi\u00e8ce est inscrit sur une etiquette \u00e0 l\u2019int\u00e9rieur de votre v\u00eatement.<\/p>\n","protected":false},"featured_media":3928094,"comment_status":"open","ping_status":"closed","template":"","meta":[],"product_brand":[],"product_cat":[],"product_tag":[],"acf":[],"_links":{"self":[{"href":"https:\/\/streetmarkets.fr\/app\/wp-json\/wp\/v2\/product\/3928093"}],"collection":[{"href":"https:\/\/streetmarkets.fr\/app\/wp-json\/wp\/v2\/product"}],"about":[{"href":"https:\/\/streetmarkets.fr\/app\/wp-json\/wp\/v2\/types\/product"}],"replies":[{"embeddable":true,"href":"https:\/\/streetmarkets.fr\/app\/wp-json\/wp\/v2\/comments?post=3928093"}],"wp:featuredmedia":[{"embeddable":true,"href":"https:\/\/streetmarkets.fr\/app\/wp-json\/wp\/v2\/media\/3928094"}],"wp:attachment":[{"href":"https:\/\/streetmarkets.fr\/app\/wp-json\/wp\/v2\/media?parent=3928093"}],"wp:term":[{"taxonomy":"product_brand","embeddable":true,"href":"https:\/\/streetmarkets.fr\/app\/wp-json\/wp\/v2\/product_brand?post=3928093"},{"taxonomy":"product_cat","embeddable":true,"href":"https:\/\/streetmarkets.fr\/app\/wp-json\/wp\/v2\/product_cat?post=3928093"},{"taxonomy":"product_tag","embeddable":true,"href":"https:\/\/streetmarkets.fr\/app\/wp-json\/wp\/v2\/product_tag?post=3928093"}],"curies":[{"name":"wp","href":"https:\/\/api.w.org\/{rel}","templated":true}]}}