{"id":3928078,"date":"2026-04-10T08:38:24","date_gmt":"2026-04-10T06:38:24","guid":{"rendered":"https:\/\/streetmarkets.fr\/app\/produit\/nantucket-basket-big-dark-brown-dragon-diffusion\/"},"modified":"2026-05-05T08:38:32","modified_gmt":"2026-05-05T06:38:32","slug":"nantucket-basket-big-dark-brown-dragon-diffusion","status":"publish","type":"product","link":"https:\/\/streetmarkets.fr\/app\/produit\/nantucket-basket-big-dark-brown-dragon-diffusion\/","title":{"rendered":"Nantucket basket big Dark brown &#8211; Dragon Diffusion"},"content":{"rendered":"<p>Le sac Nantucket demeure l&#8217;un des best-sellers de la marque Dragon Diffusion. Tiss\u00e9 \u00e0 la main, ce sac en cuir de buffle souple n&#8217;est pas doubl\u00e9. Il sera votre compagnon id\u00e9al des piques-niques sous le soleil estival.\u00a0<\/p>\n<p>\u00c0 l&#8217;int\u00e9rieur de chaque sac Dragon Diffusion, se trouve une m\u00e9daille de Saint-Christophe, en hommage au saint patron des voyageurs, symbolisant le sceau d&#8217;authenticit\u00e9 de la marque Dragon Diffusion.<\/p>\n","protected":false},"excerpt":{"rendered":"<p>Le sac Nantucket demeure l&#8217;un des best-sellers de la marque Dragon Diffusion. Tiss\u00e9 \u00e0 la main, ce sac en cuir de buffle souple n&#8217;est pas doubl\u00e9. Il sera votre compagnon id\u00e9al des piques-niques sous le soleil estival.\u00a0 \u00c0 l&#8217;int\u00e9rieur de chaque sac Dragon Diffusion, se trouve une m\u00e9daille de Saint-Christophe, en hommage au saint patron [&hellip;]<\/p>\n","protected":false},"featured_media":3928079,"comment_status":"open","ping_status":"closed","template":"","meta":[],"product_brand":[],"product_cat":[],"product_tag":[],"acf":[],"_links":{"self":[{"href":"https:\/\/streetmarkets.fr\/app\/wp-json\/wp\/v2\/product\/3928078"}],"collection":[{"href":"https:\/\/streetmarkets.fr\/app\/wp-json\/wp\/v2\/product"}],"about":[{"href":"https:\/\/streetmarkets.fr\/app\/wp-json\/wp\/v2\/types\/product"}],"replies":[{"embeddable":true,"href":"https:\/\/streetmarkets.fr\/app\/wp-json\/wp\/v2\/comments?post=3928078"}],"wp:featuredmedia":[{"embeddable":true,"href":"https:\/\/streetmarkets.fr\/app\/wp-json\/wp\/v2\/media\/3928079"}],"wp:attachment":[{"href":"https:\/\/streetmarkets.fr\/app\/wp-json\/wp\/v2\/media?parent=3928078"}],"wp:term":[{"taxonomy":"product_brand","embeddable":true,"href":"https:\/\/streetmarkets.fr\/app\/wp-json\/wp\/v2\/product_brand?post=3928078"},{"taxonomy":"product_cat","embeddable":true,"href":"https:\/\/streetmarkets.fr\/app\/wp-json\/wp\/v2\/product_cat?post=3928078"},{"taxonomy":"product_tag","embeddable":true,"href":"https:\/\/streetmarkets.fr\/app\/wp-json\/wp\/v2\/product_tag?post=3928078"}],"curies":[{"name":"wp","href":"https:\/\/api.w.org\/{rel}","templated":true}]}}