{"id":3927931,"date":"2026-04-10T02:47:38","date_gmt":"2026-04-10T00:47:38","guid":{"rendered":"https:\/\/streetmarkets.fr\/app\/produit\/gel-nyc-pour-homme-261-m-cream\/"},"modified":"2026-05-10T02:59:41","modified_gmt":"2026-05-10T00:59:41","slug":"gel-nyc-pour-homme-261-m-cream","status":"publish","type":"product","link":"https:\/\/streetmarkets.fr\/app\/produit\/gel-nyc-pour-homme-261-m-cream\/","title":{"rendered":"Gel-NYC pour Homme (261 \/ M \/ CREAM)"},"content":{"rendered":"<p>La basket Asics Gel-NYC, inspir\u00e9e des ann\u00e9es 2000, pr\u00e9sente une tige \u00e0 empi\u00e8cements en daim, en cuir et en mati\u00e8re synth\u00e9tique, ainsi que des caract\u00e9ristiques d&#8217;amorti avanc\u00e9es.<\/p>\n<ul>\n<li>Pointures unisexes\u00a0: Pour une coupe ajust\u00e9e, choisissez une pointure en dessous. Pour une coupe plus ample, choisissez une pointure au-dessus.<\/li>\n<li>Mod\u00e8le\u00a0: 1203A383.114<\/li>\n<li>Couleur\u00a0: Cr\u00e8me\/Gris ciment<\/li>\n<\/ul>\n","protected":false},"excerpt":{"rendered":"<p>La basket Asics Gel-NYC, inspir\u00e9e des ann\u00e9es 2000, pr\u00e9sente une tige \u00e0 empi\u00e8cements en daim, en cuir et en mati\u00e8re synth\u00e9tique, ainsi que des caract\u00e9ristiques d&#8217;amorti avanc\u00e9es. Pointures unisexes\u00a0: Pour une coupe ajust\u00e9e, choisissez une pointure en dessous. Pour une coupe plus ample, choisissez une pointure au-dessus. Mod\u00e8le\u00a0: 1203A383.114 Couleur\u00a0: Cr\u00e8me\/Gris ciment<\/p>\n","protected":false},"featured_media":4113643,"comment_status":"open","ping_status":"closed","template":"","meta":[],"product_brand":[2536],"product_cat":[],"product_tag":[],"acf":[],"_links":{"self":[{"href":"https:\/\/streetmarkets.fr\/app\/wp-json\/wp\/v2\/product\/3927931"}],"collection":[{"href":"https:\/\/streetmarkets.fr\/app\/wp-json\/wp\/v2\/product"}],"about":[{"href":"https:\/\/streetmarkets.fr\/app\/wp-json\/wp\/v2\/types\/product"}],"replies":[{"embeddable":true,"href":"https:\/\/streetmarkets.fr\/app\/wp-json\/wp\/v2\/comments?post=3927931"}],"wp:featuredmedia":[{"embeddable":true,"href":"https:\/\/streetmarkets.fr\/app\/wp-json\/wp\/v2\/media\/4113643"}],"wp:attachment":[{"href":"https:\/\/streetmarkets.fr\/app\/wp-json\/wp\/v2\/media?parent=3927931"}],"wp:term":[{"taxonomy":"product_brand","embeddable":true,"href":"https:\/\/streetmarkets.fr\/app\/wp-json\/wp\/v2\/product_brand?post=3927931"},{"taxonomy":"product_cat","embeddable":true,"href":"https:\/\/streetmarkets.fr\/app\/wp-json\/wp\/v2\/product_cat?post=3927931"},{"taxonomy":"product_tag","embeddable":true,"href":"https:\/\/streetmarkets.fr\/app\/wp-json\/wp\/v2\/product_tag?post=3927931"}],"curies":[{"name":"wp","href":"https:\/\/api.w.org\/{rel}","templated":true}]}}