{"id":3927874,"date":"2026-04-10T02:47:33","date_gmt":"2026-04-10T00:47:33","guid":{"rendered":"https:\/\/streetmarkets.fr\/app\/produit\/gel-nyc-pour-homme-261-m-ivory\/"},"modified":"2026-05-07T02:46:35","modified_gmt":"2026-05-07T00:46:35","slug":"gel-nyc-pour-homme-261-m-ivory","status":"publish","type":"product","link":"https:\/\/streetmarkets.fr\/app\/produit\/gel-nyc-pour-homme-261-m-ivory\/","title":{"rendered":"Gel-NYC pour Homme (261 \/ M \/ IVORY)"},"content":{"rendered":"<p>La basket Asics Gel-NYC, inspir\u00e9e des ann\u00e9es 2000, pr\u00e9sente une tige \u00e0 empi\u00e8cements en daim, en cuir et en mati\u00e8re synth\u00e9tique, ainsi que des caract\u00e9ristiques d&#8217;amorti avanc\u00e9es.<\/p>\n<ul>\n<li>Pointures unisexes\u00a0: Pour une coupe ajust\u00e9e, choisissez une pointure en dessous. Pour une coupe plus ample, choisissez une pointure au-dessus.<\/li>\n<li>Mod\u00e8le\u00a0: 1203A383.750<\/li>\n<li>Couleur\u00a0: Ivoire\/Nuit de for\u00eat<\/li>\n<\/ul>\n","protected":false},"excerpt":{"rendered":"<p>La basket Asics Gel-NYC, inspir\u00e9e des ann\u00e9es 2000, pr\u00e9sente une tige \u00e0 empi\u00e8cements en daim, en cuir et en mati\u00e8re synth\u00e9tique, ainsi que des caract\u00e9ristiques d&#8217;amorti avanc\u00e9es. Pointures unisexes\u00a0: Pour une coupe ajust\u00e9e, choisissez une pointure en dessous. Pour une coupe plus ample, choisissez une pointure au-dessus. Mod\u00e8le\u00a0: 1203A383.750 Couleur\u00a0: Ivoire\/Nuit de for\u00eat<\/p>\n","protected":false},"featured_media":4097210,"comment_status":"open","ping_status":"closed","template":"","meta":[],"product_brand":[2536],"product_cat":[],"product_tag":[],"acf":[],"_links":{"self":[{"href":"https:\/\/streetmarkets.fr\/app\/wp-json\/wp\/v2\/product\/3927874"}],"collection":[{"href":"https:\/\/streetmarkets.fr\/app\/wp-json\/wp\/v2\/product"}],"about":[{"href":"https:\/\/streetmarkets.fr\/app\/wp-json\/wp\/v2\/types\/product"}],"replies":[{"embeddable":true,"href":"https:\/\/streetmarkets.fr\/app\/wp-json\/wp\/v2\/comments?post=3927874"}],"wp:featuredmedia":[{"embeddable":true,"href":"https:\/\/streetmarkets.fr\/app\/wp-json\/wp\/v2\/media\/4097210"}],"wp:attachment":[{"href":"https:\/\/streetmarkets.fr\/app\/wp-json\/wp\/v2\/media?parent=3927874"}],"wp:term":[{"taxonomy":"product_brand","embeddable":true,"href":"https:\/\/streetmarkets.fr\/app\/wp-json\/wp\/v2\/product_brand?post=3927874"},{"taxonomy":"product_cat","embeddable":true,"href":"https:\/\/streetmarkets.fr\/app\/wp-json\/wp\/v2\/product_cat?post=3927874"},{"taxonomy":"product_tag","embeddable":true,"href":"https:\/\/streetmarkets.fr\/app\/wp-json\/wp\/v2\/product_tag?post=3927874"}],"curies":[{"name":"wp","href":"https:\/\/api.w.org\/{rel}","templated":true}]}}