{"id":3923127,"date":"2026-04-10T02:02:54","date_gmt":"2026-04-10T00:02:54","guid":{"rendered":"https:\/\/streetmarkets.fr\/app\/produit\/sunspel-scoop-back-top-black\/"},"modified":"2026-05-16T02:06:21","modified_gmt":"2026-05-16T00:06:21","slug":"sunspel-scoop-back-top-black","status":"publish","type":"product","link":"https:\/\/streetmarkets.fr\/app\/produit\/sunspel-scoop-back-top-black\/","title":{"rendered":"SUNSPEL SCOOP BACK Top Black"},"content":{"rendered":"<p><b>Cr\u00e9ateur :<\/b> Sunspel, England<br \/>\n<b><\/b><\/p>\n<p><b>R\u00e9alisation : <\/b>Confectionn\u00e9 \u00e0 partir d&rsquo;un jersey de coton tr\u00e8s doux et l\u00e9g\u00e8rement extensible pour plus de confort, ce top a une silhouette f\u00e9minine pr\u00e8s du corps et une \u00e9l\u00e9gante encolure d\u00e9gag\u00e9e dans le dos.<\/p>\n<p>94% Cotton, 6% Elastane<\/p>\n<p><em>Design : Made from a very soft and slightly stretchy cotton jersey for added comfort, this top has a feminine, figure-hugging silhouette and an elegant scoop neckline at the back.<\/em><\/p>\n<p><em>94% Cotton, 6% Elastane<\/em><\/p>\n<p><em>Made in Portugal<\/em><\/p>\n","protected":false},"excerpt":{"rendered":"<p>Cr\u00e9ateur : Sunspel, England R\u00e9alisation : Confectionn\u00e9 \u00e0 partir d&rsquo;un jersey de coton tr\u00e8s doux et l\u00e9g\u00e8rement extensible pour plus de confort, ce top a une silhouette f\u00e9minine pr\u00e8s du corps et une \u00e9l\u00e9gante encolure d\u00e9gag\u00e9e dans le dos. 94% Cotton, 6% Elastane Design : Made from a very soft and slightly stretchy cotton jersey [&hellip;]<\/p>\n","protected":false},"featured_media":3923128,"comment_status":"open","ping_status":"closed","template":"","meta":[],"product_brand":[],"product_cat":[],"product_tag":[],"acf":[],"_links":{"self":[{"href":"https:\/\/streetmarkets.fr\/app\/wp-json\/wp\/v2\/product\/3923127"}],"collection":[{"href":"https:\/\/streetmarkets.fr\/app\/wp-json\/wp\/v2\/product"}],"about":[{"href":"https:\/\/streetmarkets.fr\/app\/wp-json\/wp\/v2\/types\/product"}],"replies":[{"embeddable":true,"href":"https:\/\/streetmarkets.fr\/app\/wp-json\/wp\/v2\/comments?post=3923127"}],"wp:featuredmedia":[{"embeddable":true,"href":"https:\/\/streetmarkets.fr\/app\/wp-json\/wp\/v2\/media\/3923128"}],"wp:attachment":[{"href":"https:\/\/streetmarkets.fr\/app\/wp-json\/wp\/v2\/media?parent=3923127"}],"wp:term":[{"taxonomy":"product_brand","embeddable":true,"href":"https:\/\/streetmarkets.fr\/app\/wp-json\/wp\/v2\/product_brand?post=3923127"},{"taxonomy":"product_cat","embeddable":true,"href":"https:\/\/streetmarkets.fr\/app\/wp-json\/wp\/v2\/product_cat?post=3923127"},{"taxonomy":"product_tag","embeddable":true,"href":"https:\/\/streetmarkets.fr\/app\/wp-json\/wp\/v2\/product_tag?post=3923127"}],"curies":[{"name":"wp","href":"https:\/\/api.w.org\/{rel}","templated":true}]}}