{"id":3923122,"date":"2026-04-10T02:01:57","date_gmt":"2026-04-10T00:01:57","guid":{"rendered":"https:\/\/streetmarkets.fr\/app\/produit\/gramicci-g-short-pigment-dyed-bark-pigment\/"},"modified":"2026-05-09T02:04:04","modified_gmt":"2026-05-09T00:04:04","slug":"gramicci-g-short-pigment-dyed-bark-pigment","status":"publish","type":"product","link":"https:\/\/streetmarkets.fr\/app\/produit\/gramicci-g-short-pigment-dyed-bark-pigment\/","title":{"rendered":"GRAMICCI G-Short Pigment dyed Bark pigment"},"content":{"rendered":"<p><strong>Cr\u00e9ateur :<\/strong> Gramicci<\/p>\n<p><strong>R\u00e9alisation : <\/strong><span class=\"Y2IQFc\" lang=\"fr\">Short de randonn\u00e9e en serg\u00e9 biologique. \u00a0Taille \u00e9lastique et ceinture int\u00e9gr\u00e9e en nylon. Entrejambe \u00e0 soufflet pour une libert\u00e9 de mouvement \u00e0 180\u00b0.\u00a0<\/span><\/p>\n<div class=\"page\" title=\"Page 2\">\n<div class=\"section\">\n<div class=\"layoutArea\">\n<div class=\"column\">\n<p><em>Details : <span class=\"Y2IQFc\" lang=\"en\">Organic twill hiking shorts. Elasticated waist and integrated nylon belt. Gusseted crotch for 180\u00b0 freedom of movement.<\/span><\/em><\/p>\n<p>Code produit : G4SM-P123 Bark pigment<\/p>\n<\/div>\n<\/div>\n<\/div>\n<\/div>\n<p>&nbsp;<\/p>\n","protected":false},"excerpt":{"rendered":"<p>Cr\u00e9ateur : Gramicci R\u00e9alisation : Short de randonn\u00e9e en serg\u00e9 biologique. \u00a0Taille \u00e9lastique et ceinture int\u00e9gr\u00e9e en nylon. Entrejambe \u00e0 soufflet pour une libert\u00e9 de mouvement \u00e0 180\u00b0.\u00a0 Details : Organic twill hiking shorts. Elasticated waist and integrated nylon belt. Gusseted crotch for 180\u00b0 freedom of movement. Code produit : G4SM-P123 Bark pigment &nbsp;<\/p>\n","protected":false},"featured_media":3923123,"comment_status":"open","ping_status":"closed","template":"","meta":[],"product_brand":[7137],"product_cat":[],"product_tag":[],"acf":[],"_links":{"self":[{"href":"https:\/\/streetmarkets.fr\/app\/wp-json\/wp\/v2\/product\/3923122"}],"collection":[{"href":"https:\/\/streetmarkets.fr\/app\/wp-json\/wp\/v2\/product"}],"about":[{"href":"https:\/\/streetmarkets.fr\/app\/wp-json\/wp\/v2\/types\/product"}],"replies":[{"embeddable":true,"href":"https:\/\/streetmarkets.fr\/app\/wp-json\/wp\/v2\/comments?post=3923122"}],"wp:featuredmedia":[{"embeddable":true,"href":"https:\/\/streetmarkets.fr\/app\/wp-json\/wp\/v2\/media\/3923123"}],"wp:attachment":[{"href":"https:\/\/streetmarkets.fr\/app\/wp-json\/wp\/v2\/media?parent=3923122"}],"wp:term":[{"taxonomy":"product_brand","embeddable":true,"href":"https:\/\/streetmarkets.fr\/app\/wp-json\/wp\/v2\/product_brand?post=3923122"},{"taxonomy":"product_cat","embeddable":true,"href":"https:\/\/streetmarkets.fr\/app\/wp-json\/wp\/v2\/product_cat?post=3923122"},{"taxonomy":"product_tag","embeddable":true,"href":"https:\/\/streetmarkets.fr\/app\/wp-json\/wp\/v2\/product_tag?post=3923122"}],"curies":[{"name":"wp","href":"https:\/\/api.w.org\/{rel}","templated":true}]}}