{"id":3923105,"date":"2026-04-10T02:01:48","date_gmt":"2026-04-10T00:01:48","guid":{"rendered":"https:\/\/streetmarkets.fr\/app\/produit\/gramicci-g-short-double-navy\/"},"modified":"2026-05-16T02:05:40","modified_gmt":"2026-05-16T00:05:40","slug":"gramicci-g-short-double-navy","status":"publish","type":"product","link":"https:\/\/streetmarkets.fr\/app\/produit\/gramicci-g-short-double-navy\/","title":{"rendered":"GRAMICCI G-Short Double Navy"},"content":{"rendered":"<p><strong>Cr\u00e9ateur :<\/strong> Gramicci<\/p>\n<p><strong>R\u00e9alisation : <\/strong><span class=\"Y2IQFc\" lang=\"fr\">Short avec taille \u00e9lastique Flex Fit et ceinture de serrage int\u00e9gr\u00e9e en nylon. \u00a0Coupe taille haute, assise et cuisses confortables. \u00a0Coutures renforc\u00e9es. \u00a0Fabriqu\u00e9 en serg\u00e9 de coton biologique<\/span><\/p>\n<div class=\"page\" title=\"Page 2\">\n<div class=\"section\">\n<div class=\"layoutArea\">\n<div class=\"column\">\n<p><em>Details : <span class=\"Y2IQFc\" lang=\"en\">Shorts with a Flex Fit elastic waistband and integrated nylon drawstring. High-waisted cut, comfortable seat and thighs. Reinforced seams. Made from organic cotton twill.<\/span><\/em><\/p>\n<p>Code produit : G101-OGT Double navy<\/p>\n<\/div>\n<\/div>\n<\/div>\n<\/div>\n<p>&nbsp;<\/p>\n","protected":false},"excerpt":{"rendered":"<p>Cr\u00e9ateur : Gramicci R\u00e9alisation : Short avec taille \u00e9lastique Flex Fit et ceinture de serrage int\u00e9gr\u00e9e en nylon. \u00a0Coupe taille haute, assise et cuisses confortables. \u00a0Coutures renforc\u00e9es. \u00a0Fabriqu\u00e9 en serg\u00e9 de coton biologique Details : Shorts with a Flex Fit elastic waistband and integrated nylon drawstring. High-waisted cut, comfortable seat and thighs. Reinforced seams. Made [&hellip;]<\/p>\n","protected":false},"featured_media":3923106,"comment_status":"open","ping_status":"closed","template":"","meta":[],"product_brand":[7137],"product_cat":[],"product_tag":[],"acf":[],"_links":{"self":[{"href":"https:\/\/streetmarkets.fr\/app\/wp-json\/wp\/v2\/product\/3923105"}],"collection":[{"href":"https:\/\/streetmarkets.fr\/app\/wp-json\/wp\/v2\/product"}],"about":[{"href":"https:\/\/streetmarkets.fr\/app\/wp-json\/wp\/v2\/types\/product"}],"replies":[{"embeddable":true,"href":"https:\/\/streetmarkets.fr\/app\/wp-json\/wp\/v2\/comments?post=3923105"}],"wp:featuredmedia":[{"embeddable":true,"href":"https:\/\/streetmarkets.fr\/app\/wp-json\/wp\/v2\/media\/3923106"}],"wp:attachment":[{"href":"https:\/\/streetmarkets.fr\/app\/wp-json\/wp\/v2\/media?parent=3923105"}],"wp:term":[{"taxonomy":"product_brand","embeddable":true,"href":"https:\/\/streetmarkets.fr\/app\/wp-json\/wp\/v2\/product_brand?post=3923105"},{"taxonomy":"product_cat","embeddable":true,"href":"https:\/\/streetmarkets.fr\/app\/wp-json\/wp\/v2\/product_cat?post=3923105"},{"taxonomy":"product_tag","embeddable":true,"href":"https:\/\/streetmarkets.fr\/app\/wp-json\/wp\/v2\/product_tag?post=3923105"}],"curies":[{"name":"wp","href":"https:\/\/api.w.org\/{rel}","templated":true}]}}