{"id":3923100,"date":"2026-04-10T02:01:47","date_gmt":"2026-04-10T00:01:47","guid":{"rendered":"https:\/\/streetmarkets.fr\/app\/produit\/gramicci-gadget-short-olive\/"},"modified":"2026-05-09T02:04:04","modified_gmt":"2026-05-09T00:04:04","slug":"gramicci-gadget-short-olive","status":"publish","type":"product","link":"https:\/\/streetmarkets.fr\/app\/produit\/gramicci-gadget-short-olive\/","title":{"rendered":"GRAMICCI GADGET Short Olive"},"content":{"rendered":"<p><strong>Cr\u00e9ateur :<\/strong> Gramicci<\/p>\n<p><strong>R\u00e9alisation : <\/strong><span class=\"Y2IQFc\" lang=\"fr\">100 % coton \u00e9cologique. Tissu serg\u00e9 lav\u00e9 Grandes poches enveloppantes. Ceinture \u00e9lastique. Gousset d&rsquo;entrejambe en forme de losange. Taille basse et coupe fusel\u00e9e.<\/span><\/p>\n<div class=\"page\" title=\"Page 2\">\n<div class=\"section\">\n<div class=\"layoutArea\">\n<div class=\"column\">\n<p><em>Details : <span class=\"Y2IQFc\" lang=\"en\">100% organic cotton. Washed twill fabric. Large wrap-around pockets. Elasticated waistband. Diamond-shaped crotch gusset. Low rise and tapered leg.<\/span><\/em><\/p>\n<p>Code produit : G104-OGT Bark pigment<\/p>\n<\/div>\n<\/div>\n<\/div>\n<\/div>\n<p>&nbsp;<\/p>\n","protected":false},"excerpt":{"rendered":"<p>Cr\u00e9ateur : Gramicci R\u00e9alisation : 100 % coton \u00e9cologique. Tissu serg\u00e9 lav\u00e9 Grandes poches enveloppantes. Ceinture \u00e9lastique. Gousset d&rsquo;entrejambe en forme de losange. Taille basse et coupe fusel\u00e9e. Details : 100% organic cotton. Washed twill fabric. Large wrap-around pockets. Elasticated waistband. Diamond-shaped crotch gusset. Low rise and tapered leg. Code produit : G104-OGT Bark pigment [&hellip;]<\/p>\n","protected":false},"featured_media":3923101,"comment_status":"open","ping_status":"closed","template":"","meta":[],"product_brand":[7137],"product_cat":[],"product_tag":[],"acf":[],"_links":{"self":[{"href":"https:\/\/streetmarkets.fr\/app\/wp-json\/wp\/v2\/product\/3923100"}],"collection":[{"href":"https:\/\/streetmarkets.fr\/app\/wp-json\/wp\/v2\/product"}],"about":[{"href":"https:\/\/streetmarkets.fr\/app\/wp-json\/wp\/v2\/types\/product"}],"replies":[{"embeddable":true,"href":"https:\/\/streetmarkets.fr\/app\/wp-json\/wp\/v2\/comments?post=3923100"}],"wp:featuredmedia":[{"embeddable":true,"href":"https:\/\/streetmarkets.fr\/app\/wp-json\/wp\/v2\/media\/3923101"}],"wp:attachment":[{"href":"https:\/\/streetmarkets.fr\/app\/wp-json\/wp\/v2\/media?parent=3923100"}],"wp:term":[{"taxonomy":"product_brand","embeddable":true,"href":"https:\/\/streetmarkets.fr\/app\/wp-json\/wp\/v2\/product_brand?post=3923100"},{"taxonomy":"product_cat","embeddable":true,"href":"https:\/\/streetmarkets.fr\/app\/wp-json\/wp\/v2\/product_cat?post=3923100"},{"taxonomy":"product_tag","embeddable":true,"href":"https:\/\/streetmarkets.fr\/app\/wp-json\/wp\/v2\/product_tag?post=3923100"}],"curies":[{"name":"wp","href":"https:\/\/api.w.org\/{rel}","templated":true}]}}