{"id":3923064,"date":"2026-04-10T02:01:35","date_gmt":"2026-04-10T00:01:35","guid":{"rendered":"https:\/\/streetmarkets.fr\/app\/produit\/gramicci-gadget-pant-black\/"},"modified":"2026-05-06T02:04:20","modified_gmt":"2026-05-06T00:04:20","slug":"gramicci-gadget-pant-black","status":"publish","type":"product","link":"https:\/\/streetmarkets.fr\/app\/produit\/gramicci-gadget-pant-black\/","title":{"rendered":"GRAMICCI GADGET Pant Black"},"content":{"rendered":"<p><strong>Cr\u00e9ateur :<\/strong> Gramicci<\/p>\n<p><strong>R\u00e9alisation : <\/strong><span class=\"Y2IQFc\" lang=\"fr\">Pantalon d\u00e9lav\u00e9 pour un effet vintage et un toucher doux. \u00a0Ceinture \u00e9lastique ajustable pour un confort optimal. \u00a0Grandes poches enveloppantes. \u00a0Confectionn\u00e9 en serg\u00e9 de coton biologique 100 % coton. \u00a0Taille basse, coupe ajust\u00e9e et ourlet l\u00e9g\u00e8rement plus court.<\/span><\/p>\n<div class=\"page\" title=\"Page 2\">\n<div class=\"section\">\n<div class=\"layoutArea\">\n<div class=\"column\">\n<p><em>Detail : <span class=\"Y2IQFc\" lang=\"en\">Washed trousers for a vintage look and soft feel. Adjustable elastic waistband for optimal comfort. Large wrap-around pockets. Made from 100% organic cotton twill. Low rise, slim fit, and slightly shorter hem.<\/span><\/em><\/p>\n<\/div>\n<\/div>\n<\/div>\n<\/div>\n<p>Code produit : G105-OGT Black<\/p>\n<p>&nbsp;<\/p>\n","protected":false},"excerpt":{"rendered":"<p>Cr\u00e9ateur : Gramicci R\u00e9alisation : Pantalon d\u00e9lav\u00e9 pour un effet vintage et un toucher doux. \u00a0Ceinture \u00e9lastique ajustable pour un confort optimal. \u00a0Grandes poches enveloppantes. \u00a0Confectionn\u00e9 en serg\u00e9 de coton biologique 100 % coton. \u00a0Taille basse, coupe ajust\u00e9e et ourlet l\u00e9g\u00e8rement plus court. Detail : Washed trousers for a vintage look and soft feel. Adjustable [&hellip;]<\/p>\n","protected":false},"featured_media":3923065,"comment_status":"open","ping_status":"closed","template":"","meta":[],"product_brand":[7137],"product_cat":[],"product_tag":[],"acf":[],"_links":{"self":[{"href":"https:\/\/streetmarkets.fr\/app\/wp-json\/wp\/v2\/product\/3923064"}],"collection":[{"href":"https:\/\/streetmarkets.fr\/app\/wp-json\/wp\/v2\/product"}],"about":[{"href":"https:\/\/streetmarkets.fr\/app\/wp-json\/wp\/v2\/types\/product"}],"replies":[{"embeddable":true,"href":"https:\/\/streetmarkets.fr\/app\/wp-json\/wp\/v2\/comments?post=3923064"}],"wp:featuredmedia":[{"embeddable":true,"href":"https:\/\/streetmarkets.fr\/app\/wp-json\/wp\/v2\/media\/3923065"}],"wp:attachment":[{"href":"https:\/\/streetmarkets.fr\/app\/wp-json\/wp\/v2\/media?parent=3923064"}],"wp:term":[{"taxonomy":"product_brand","embeddable":true,"href":"https:\/\/streetmarkets.fr\/app\/wp-json\/wp\/v2\/product_brand?post=3923064"},{"taxonomy":"product_cat","embeddable":true,"href":"https:\/\/streetmarkets.fr\/app\/wp-json\/wp\/v2\/product_cat?post=3923064"},{"taxonomy":"product_tag","embeddable":true,"href":"https:\/\/streetmarkets.fr\/app\/wp-json\/wp\/v2\/product_tag?post=3923064"}],"curies":[{"name":"wp","href":"https:\/\/api.w.org\/{rel}","templated":true}]}}