{"id":3923053,"date":"2026-04-10T02:01:33","date_gmt":"2026-04-10T00:01:33","guid":{"rendered":"https:\/\/streetmarkets.fr\/app\/produit\/gramicci-voyager-pant-army-pigment\/"},"modified":"2026-05-09T02:03:13","modified_gmt":"2026-05-09T00:03:13","slug":"gramicci-voyager-pant-army-pigment","status":"publish","type":"product","link":"https:\/\/streetmarkets.fr\/app\/produit\/gramicci-voyager-pant-army-pigment\/","title":{"rendered":"GRAMICCI VOYAGER Pant Army pigment"},"content":{"rendered":"<p><strong>Cr\u00e9ateur :<\/strong> Gramicci<\/p>\n<p><strong>R\u00e9alisation : <\/strong>Grandes poches enveloppantes, poches basses sur les cuisses<br \/>\nCeinture \u00e9lastique, gousset d&rsquo;entrejambe en forme de losange<br \/>\nCoupe d\u00e9contract\u00e9e et fusel\u00e9e<\/p>\n<p>100 % coton<\/p>\n<div class=\"page\" title=\"Page 2\">\n<div class=\"section\">\n<div class=\"layoutArea\">\n<div class=\"column\">\n<p><em>Large wraparound pockets, lower thigh pockets<\/em><br \/>\n<em>Elastic waistband, diamond-shaped crotch gusset<\/em><br \/>\n<em>Relaxed, tapered fit<\/em><\/p>\n<\/div>\n<\/div>\n<\/div>\n<\/div>\n<p>Code produit : G55M-P086-Army-pigment<\/p>\n<p>&nbsp;<\/p>\n","protected":false},"excerpt":{"rendered":"<p>Cr\u00e9ateur : Gramicci R\u00e9alisation : Grandes poches enveloppantes, poches basses sur les cuisses Ceinture \u00e9lastique, gousset d&rsquo;entrejambe en forme de losange Coupe d\u00e9contract\u00e9e et fusel\u00e9e 100 % coton Large wraparound pockets, lower thigh pockets Elastic waistband, diamond-shaped crotch gusset Relaxed, tapered fit Code produit : G55M-P086-Army-pigment &nbsp;<\/p>\n","protected":false},"featured_media":3923054,"comment_status":"open","ping_status":"closed","template":"","meta":[],"product_brand":[7137],"product_cat":[],"product_tag":[],"acf":[],"_links":{"self":[{"href":"https:\/\/streetmarkets.fr\/app\/wp-json\/wp\/v2\/product\/3923053"}],"collection":[{"href":"https:\/\/streetmarkets.fr\/app\/wp-json\/wp\/v2\/product"}],"about":[{"href":"https:\/\/streetmarkets.fr\/app\/wp-json\/wp\/v2\/types\/product"}],"replies":[{"embeddable":true,"href":"https:\/\/streetmarkets.fr\/app\/wp-json\/wp\/v2\/comments?post=3923053"}],"wp:featuredmedia":[{"embeddable":true,"href":"https:\/\/streetmarkets.fr\/app\/wp-json\/wp\/v2\/media\/3923054"}],"wp:attachment":[{"href":"https:\/\/streetmarkets.fr\/app\/wp-json\/wp\/v2\/media?parent=3923053"}],"wp:term":[{"taxonomy":"product_brand","embeddable":true,"href":"https:\/\/streetmarkets.fr\/app\/wp-json\/wp\/v2\/product_brand?post=3923053"},{"taxonomy":"product_cat","embeddable":true,"href":"https:\/\/streetmarkets.fr\/app\/wp-json\/wp\/v2\/product_cat?post=3923053"},{"taxonomy":"product_tag","embeddable":true,"href":"https:\/\/streetmarkets.fr\/app\/wp-json\/wp\/v2\/product_tag?post=3923053"}],"curies":[{"name":"wp","href":"https:\/\/api.w.org\/{rel}","templated":true}]}}