{"id":3922754,"date":"2026-04-10T01:51:39","date_gmt":"2026-04-09T23:51:39","guid":{"rendered":"https:\/\/streetmarkets.fr\/app\/produit\/sac-froufrou-lavande-byzantine\/"},"modified":"2026-05-11T01:51:42","modified_gmt":"2026-05-10T23:51:42","slug":"sac-froufrou-lavande-byzantine","status":"publish","type":"product","link":"https:\/\/streetmarkets.fr\/app\/produit\/sac-froufrou-lavande-byzantine\/","title":{"rendered":"Sac FROUFROU Lavande &#8211; Byzantine"},"content":{"rendered":"<p><span>Ce fourre-tout audacieux conjugue style et praticit\u00e9 avec ses volants signature qui captent l&#8217;attention. Spacieux et polyvalent, il \u00e9pouse vos journ\u00e9es\u2014du march\u00e9 aux escapades c\u00f4ti\u00e8res. Doubl\u00e9 d&#8217;une poche int\u00e9rieure et \u00e9quip\u00e9 d&#8217;anses g\u00e9n\u00e9reuses de 60 cm, il se porte sans effort. Disponible en deux coloris graphiques : ray\u00e9 lavande et damier moutarde violet. 100 % coton. Dimensions : 45 \u00d7 37 \u00d7 15 cm.<\/span><\/p>\n","protected":false},"excerpt":{"rendered":"<p>Ce fourre-tout audacieux conjugue style et praticit\u00e9 avec ses volants signature qui captent l&#8217;attention. Spacieux et polyvalent, il \u00e9pouse vos journ\u00e9es\u2014du march\u00e9 aux escapades c\u00f4ti\u00e8res. Doubl\u00e9 d&#8217;une poche int\u00e9rieure et \u00e9quip\u00e9 d&#8217;anses g\u00e9n\u00e9reuses de 60 cm, il se porte sans effort. Disponible en deux coloris graphiques : ray\u00e9 lavande et damier moutarde violet. 100 % [&hellip;]<\/p>\n","protected":false},"featured_media":3922755,"comment_status":"open","ping_status":"closed","template":"","meta":[],"product_brand":[],"product_cat":[],"product_tag":[],"acf":[],"_links":{"self":[{"href":"https:\/\/streetmarkets.fr\/app\/wp-json\/wp\/v2\/product\/3922754"}],"collection":[{"href":"https:\/\/streetmarkets.fr\/app\/wp-json\/wp\/v2\/product"}],"about":[{"href":"https:\/\/streetmarkets.fr\/app\/wp-json\/wp\/v2\/types\/product"}],"replies":[{"embeddable":true,"href":"https:\/\/streetmarkets.fr\/app\/wp-json\/wp\/v2\/comments?post=3922754"}],"wp:featuredmedia":[{"embeddable":true,"href":"https:\/\/streetmarkets.fr\/app\/wp-json\/wp\/v2\/media\/3922755"}],"wp:attachment":[{"href":"https:\/\/streetmarkets.fr\/app\/wp-json\/wp\/v2\/media?parent=3922754"}],"wp:term":[{"taxonomy":"product_brand","embeddable":true,"href":"https:\/\/streetmarkets.fr\/app\/wp-json\/wp\/v2\/product_brand?post=3922754"},{"taxonomy":"product_cat","embeddable":true,"href":"https:\/\/streetmarkets.fr\/app\/wp-json\/wp\/v2\/product_cat?post=3922754"},{"taxonomy":"product_tag","embeddable":true,"href":"https:\/\/streetmarkets.fr\/app\/wp-json\/wp\/v2\/product_tag?post=3922754"}],"curies":[{"name":"wp","href":"https:\/\/api.w.org\/{rel}","templated":true}]}}