{"id":3916933,"date":"2026-04-09T02:01:54","date_gmt":"2026-04-09T00:01:54","guid":{"rendered":"https:\/\/streetmarkets.fr\/app\/produit\/fob-factory-hbt-fatigue-jacket-olive\/"},"modified":"2026-05-03T02:00:57","modified_gmt":"2026-05-03T00:00:57","slug":"fob-factory-hbt-fatigue-jacket-olive","status":"publish","type":"product","link":"https:\/\/streetmarkets.fr\/app\/produit\/fob-factory-hbt-fatigue-jacket-olive\/","title":{"rendered":"FOB FACTORY HBT Fatigue JACKET Olive"},"content":{"rendered":"<p><b>Cr\u00e9ateur :<\/b> FOB FACTORY, Japan<\/p>\n<p><b>Detail : <\/b>Veste, surchemise 75<span class=\"Y2IQFc\" lang=\"fr\"> % coton, 25 % lin, <\/span><span class=\"Y2IQFc\" lang=\"fr\">confectionn\u00e9e dans un tissu coton\/ lin. <\/span><\/p>\n<p><span class=\"Y2IQFc\" lang=\"fr\">Son design s&rsquo;inspire de la chemise en satin olive de l&rsquo;arm\u00e9e am\u00e9ricaine port\u00e9e par John Lennon. Teinte en pi\u00e8ce avec une teinture sp\u00e9ciale qui ne p\u00e9n\u00e8tre pas au c\u0153ur du fil, elle est ensuite trait\u00e9e avec un proc\u00e9d\u00e9 de lavage biologique pour obtenir une texture patin\u00e9e, d&rsquo;aspect vintage. Contrairement \u00e0 la teinture pigmentaire, cette m\u00e9thode permet une d\u00e9coloration progressive, vous permettant ainsi de profiter de la couleur plus longtemps. Avec sa coupe l\u00e9g\u00e8rement ample, la surchemise offre une sensation de douceur et de l\u00e9g\u00e8ret\u00e9, ainsi qu&rsquo;un confort optimal.<\/span><\/p>\n<p>Code : F2461<\/p>\n<p><em><span class=\"Y2IQFc\" lang=\"en\">Details : <\/span><span class=\"Y2IQFc\" lang=\"en\">Jacket, overshirt made of 75% cotton and 25% linen, crafted from a cotton\/linen blend. Its design is inspired by the olive satin shirt worn by John Lennon in the U.S. Army. Garment-dyed with a special dye that doesn&rsquo;t penetrate the fibers, it is then treated with a biological washing process to achieve a patinated, vintage-looking texture. Unlike pigment dyeing, this method allows for gradual fading, so you can enjoy the color for longer. With its slightly loose fit, the overshirt offers a soft and lightweight feel, as well as optimal comfort.<\/span><\/em><\/p>\n","protected":false},"excerpt":{"rendered":"<p>Cr\u00e9ateur : FOB FACTORY, Japan Detail : Veste, surchemise 75 % coton, 25 % lin, confectionn\u00e9e dans un tissu coton\/ lin. Son design s&rsquo;inspire de la chemise en satin olive de l&rsquo;arm\u00e9e am\u00e9ricaine port\u00e9e par John Lennon. Teinte en pi\u00e8ce avec une teinture sp\u00e9ciale qui ne p\u00e9n\u00e8tre pas au c\u0153ur du fil, elle est ensuite [&hellip;]<\/p>\n","protected":false},"featured_media":3916934,"comment_status":"open","ping_status":"closed","template":"","meta":[],"product_brand":[],"product_cat":[],"product_tag":[],"acf":[],"_links":{"self":[{"href":"https:\/\/streetmarkets.fr\/app\/wp-json\/wp\/v2\/product\/3916933"}],"collection":[{"href":"https:\/\/streetmarkets.fr\/app\/wp-json\/wp\/v2\/product"}],"about":[{"href":"https:\/\/streetmarkets.fr\/app\/wp-json\/wp\/v2\/types\/product"}],"replies":[{"embeddable":true,"href":"https:\/\/streetmarkets.fr\/app\/wp-json\/wp\/v2\/comments?post=3916933"}],"wp:featuredmedia":[{"embeddable":true,"href":"https:\/\/streetmarkets.fr\/app\/wp-json\/wp\/v2\/media\/3916934"}],"wp:attachment":[{"href":"https:\/\/streetmarkets.fr\/app\/wp-json\/wp\/v2\/media?parent=3916933"}],"wp:term":[{"taxonomy":"product_brand","embeddable":true,"href":"https:\/\/streetmarkets.fr\/app\/wp-json\/wp\/v2\/product_brand?post=3916933"},{"taxonomy":"product_cat","embeddable":true,"href":"https:\/\/streetmarkets.fr\/app\/wp-json\/wp\/v2\/product_cat?post=3916933"},{"taxonomy":"product_tag","embeddable":true,"href":"https:\/\/streetmarkets.fr\/app\/wp-json\/wp\/v2\/product_tag?post=3916933"}],"curies":[{"name":"wp","href":"https:\/\/api.w.org\/{rel}","templated":true}]}}