{"id":3916345,"date":"2026-04-09T00:43:07","date_gmt":"2026-04-08T22:43:07","guid":{"rendered":"https:\/\/streetmarkets.fr\/app\/produit\/veste-femme-workwear-en-moleskine-3m-4f\/"},"modified":"2026-05-12T00:43:00","modified_gmt":"2026-05-11T22:43:00","slug":"veste-femme-workwear-en-moleskine-3m-4f","status":"publish","type":"product","link":"https:\/\/streetmarkets.fr\/app\/produit\/veste-femme-workwear-en-moleskine-3m-4f\/","title":{"rendered":"Veste femme workwear en moleskine 4M\/4F"},"content":{"rendered":"<p>Veste authentique et iconique en tissu moleskine 100% coton.<\/p>\n<p class=\"MsoNormal\">La moleskine est un tissu incontournable et iconique du v\u00eatement de travail fran\u00e7ais utilis\u00e9 par V\u00e9tra d\u00e8s 1927..\u00a0<\/p>\n<p class=\"MsoNormal\">La moleskine fran\u00e7aise (de l\u2019anglais peau de taupe) est un satin tr\u00e8s r\u00e9sistant car il comporte un nombre de duites (fils de trame) tr\u00e8s important.<\/p>\n<p class=\"MsoNormal\">V\u00e9tra d\u00e9cline sa c\u00e9l\u00e8bre moleskine homme en version femme.\u00a0<\/p>\n","protected":false},"excerpt":{"rendered":"<p>Veste authentique et iconique en tissu moleskine 100% coton. La moleskine est un tissu incontournable et iconique du v\u00eatement de travail fran\u00e7ais utilis\u00e9 par V\u00e9tra d\u00e8s 1927..\u00a0 La moleskine fran\u00e7aise (de l\u2019anglais peau de taupe) est un satin tr\u00e8s r\u00e9sistant car il comporte un nombre de duites (fils de trame) tr\u00e8s important. V\u00e9tra d\u00e9cline sa [&hellip;]<\/p>\n","protected":false},"featured_media":3916346,"comment_status":"open","ping_status":"closed","template":"","meta":[],"product_brand":[],"product_cat":[],"product_tag":[],"acf":[],"_links":{"self":[{"href":"https:\/\/streetmarkets.fr\/app\/wp-json\/wp\/v2\/product\/3916345"}],"collection":[{"href":"https:\/\/streetmarkets.fr\/app\/wp-json\/wp\/v2\/product"}],"about":[{"href":"https:\/\/streetmarkets.fr\/app\/wp-json\/wp\/v2\/types\/product"}],"replies":[{"embeddable":true,"href":"https:\/\/streetmarkets.fr\/app\/wp-json\/wp\/v2\/comments?post=3916345"}],"wp:featuredmedia":[{"embeddable":true,"href":"https:\/\/streetmarkets.fr\/app\/wp-json\/wp\/v2\/media\/3916346"}],"wp:attachment":[{"href":"https:\/\/streetmarkets.fr\/app\/wp-json\/wp\/v2\/media?parent=3916345"}],"wp:term":[{"taxonomy":"product_brand","embeddable":true,"href":"https:\/\/streetmarkets.fr\/app\/wp-json\/wp\/v2\/product_brand?post=3916345"},{"taxonomy":"product_cat","embeddable":true,"href":"https:\/\/streetmarkets.fr\/app\/wp-json\/wp\/v2\/product_cat?post=3916345"},{"taxonomy":"product_tag","embeddable":true,"href":"https:\/\/streetmarkets.fr\/app\/wp-json\/wp\/v2\/product_tag?post=3916345"}],"curies":[{"name":"wp","href":"https:\/\/api.w.org\/{rel}","templated":true}]}}