{"id":3916339,"date":"2026-04-09T00:43:07","date_gmt":"2026-04-08T22:43:07","guid":{"rendered":"https:\/\/streetmarkets.fr\/app\/produit\/marceline-chemisier-liberty-de-le-glazik\/"},"modified":"2026-05-07T00:42:46","modified_gmt":"2026-05-06T22:42:46","slug":"marceline-chemisier-liberty-de-le-glazik","status":"publish","type":"product","link":"https:\/\/streetmarkets.fr\/app\/produit\/marceline-chemisier-liberty-de-le-glazik\/","title":{"rendered":"Marceline, chemisier Liberty de Le Glazik"},"content":{"rendered":"<p>Marceline, chemisier Liberty 100% coton satin\u00e9 de la collection LE GLAZIK \u00e9t\u00e9 2026.<\/p>\n<p>Chemisier floral\u00a0<\/p>\n<ul>\n<li>100% coton<\/li>\n<li>manches courtes<\/li>\n<li>double boutonnage au col pour un meilleur maintien<\/li>\n<li>tissu l\u00e9ger au toucher satin\u00e9<\/li>\n<\/ul>\n","protected":false},"excerpt":{"rendered":"<p>Marceline, chemisier Liberty 100% coton satin\u00e9 de la collection LE GLAZIK \u00e9t\u00e9 2026. Chemisier floral\u00a0 100% coton manches courtes double boutonnage au col pour un meilleur maintien tissu l\u00e9ger au toucher satin\u00e9<\/p>\n","protected":false},"featured_media":3916340,"comment_status":"open","ping_status":"closed","template":"","meta":[],"product_brand":[],"product_cat":[],"product_tag":[],"acf":[],"_links":{"self":[{"href":"https:\/\/streetmarkets.fr\/app\/wp-json\/wp\/v2\/product\/3916339"}],"collection":[{"href":"https:\/\/streetmarkets.fr\/app\/wp-json\/wp\/v2\/product"}],"about":[{"href":"https:\/\/streetmarkets.fr\/app\/wp-json\/wp\/v2\/types\/product"}],"replies":[{"embeddable":true,"href":"https:\/\/streetmarkets.fr\/app\/wp-json\/wp\/v2\/comments?post=3916339"}],"wp:featuredmedia":[{"embeddable":true,"href":"https:\/\/streetmarkets.fr\/app\/wp-json\/wp\/v2\/media\/3916340"}],"wp:attachment":[{"href":"https:\/\/streetmarkets.fr\/app\/wp-json\/wp\/v2\/media?parent=3916339"}],"wp:term":[{"taxonomy":"product_brand","embeddable":true,"href":"https:\/\/streetmarkets.fr\/app\/wp-json\/wp\/v2\/product_brand?post=3916339"},{"taxonomy":"product_cat","embeddable":true,"href":"https:\/\/streetmarkets.fr\/app\/wp-json\/wp\/v2\/product_cat?post=3916339"},{"taxonomy":"product_tag","embeddable":true,"href":"https:\/\/streetmarkets.fr\/app\/wp-json\/wp\/v2\/product_tag?post=3916339"}],"curies":[{"name":"wp","href":"https:\/\/api.w.org\/{rel}","templated":true}]}}