{"id":3916331,"date":"2026-04-09T00:43:07","date_gmt":"2026-04-08T22:43:07","guid":{"rendered":"https:\/\/streetmarkets.fr\/app\/produit\/le-tshirt-danton-a-poche-poitrine\/"},"modified":"2026-05-07T00:42:46","modified_gmt":"2026-05-06T22:42:46","slug":"le-tshirt-danton-a-poche-poitrine","status":"publish","type":"product","link":"https:\/\/streetmarkets.fr\/app\/produit\/le-tshirt-danton-a-poche-poitrine\/","title":{"rendered":"Le Tshirt Danton \u00e0 poche poitrine"},"content":{"rendered":"<p>Tshirt 50% coton, 50% polyesther avec sa poche poitrine et le logo Danton<\/p>\n<p>D\u00e9couvrez le T-shirt de la marque Danton, un incontournable de votre garde-robe. Fabriqu\u00e9 avec un m\u00e9lange de 50% coton et 50% polyester, ce T-shirt allie confort et style avec sa coupe moderne et sa poche poitrine orn\u00e9e du logo distinctif de Danton.<\/p>\n<\/p>\n<p>Le m\u00e9lange de coton et de polyester offre une sensation de douceur et de confort exceptionnelle. Le coton procure une agr\u00e9able sensation de l\u00e9g\u00e8ret\u00e9 et de respirabilit\u00e9, tandis que le polyester apporte une durabilit\u00e9 accrue et une r\u00e9sistance aux plis, vous permettant de profiter de ce T-shirt pendant de nombreuses saisons.<\/p>\n<\/p>\n<p>La poche poitrine ajout\u00e9e offre une touche pratique et styl\u00e9e. Vous pouvez y ranger vos petits objets essentiels tout en ajoutant une dimension visuelle int\u00e9ressante \u00e0 votre tenue. Le logo Danton brod\u00e9 sur la poche poitrine est un signe de qualit\u00e9 et d&#8217;authenticit\u00e9, t\u00e9moignant de l&#8217;engagement de la marque envers l&#8217;excellence.<\/p>\n<\/p>\n<p>Ce T-shirt polyvalent peut \u00eatre port\u00e9 de multiples fa\u00e7ons, que ce soit avec un jean d\u00e9contract\u00e9 pour une tenue de tous les jours ou avec un pantalon plus habill\u00e9 pour un look plus sophistiqu\u00e9. Son toucher doux et son confort exceptionnel vous garantissent une exp\u00e9rience agr\u00e9able tout au long de la journ\u00e9e.<\/p>\n<\/p>\n<p>Faites confiance \u00e0 la marque Danton, reconnue pour sa qualit\u00e9 et son souci du d\u00e9tail, pour vous offrir des v\u00eatements de haute qualit\u00e9 qui vous accompagneront dans toutes les occasions. Ajoutez le T-shirt 50% coton, 50% polyester avec sa poche poitrine et le logo Danton \u00e0 votre collection et profitez d&#8217;un confort et d&#8217;un style in\u00e9gal\u00e9s.<\/p><\/p>\n","protected":false},"excerpt":{"rendered":"<p>Tshirt 50% coton, 50% polyesther avec sa poche poitrine et le logo Danton D\u00e9couvrez le T-shirt de la marque Danton, un incontournable de votre garde-robe. Fabriqu\u00e9 avec un m\u00e9lange de 50% coton et 50% polyester, ce T-shirt allie confort et style avec sa coupe moderne et sa poche poitrine orn\u00e9e du logo distinctif de Danton. [&hellip;]<\/p>\n","protected":false},"featured_media":3916332,"comment_status":"open","ping_status":"closed","template":"","meta":[],"product_brand":[],"product_cat":[],"product_tag":[],"acf":[],"_links":{"self":[{"href":"https:\/\/streetmarkets.fr\/app\/wp-json\/wp\/v2\/product\/3916331"}],"collection":[{"href":"https:\/\/streetmarkets.fr\/app\/wp-json\/wp\/v2\/product"}],"about":[{"href":"https:\/\/streetmarkets.fr\/app\/wp-json\/wp\/v2\/types\/product"}],"replies":[{"embeddable":true,"href":"https:\/\/streetmarkets.fr\/app\/wp-json\/wp\/v2\/comments?post=3916331"}],"wp:featuredmedia":[{"embeddable":true,"href":"https:\/\/streetmarkets.fr\/app\/wp-json\/wp\/v2\/media\/3916332"}],"wp:attachment":[{"href":"https:\/\/streetmarkets.fr\/app\/wp-json\/wp\/v2\/media?parent=3916331"}],"wp:term":[{"taxonomy":"product_brand","embeddable":true,"href":"https:\/\/streetmarkets.fr\/app\/wp-json\/wp\/v2\/product_brand?post=3916331"},{"taxonomy":"product_cat","embeddable":true,"href":"https:\/\/streetmarkets.fr\/app\/wp-json\/wp\/v2\/product_cat?post=3916331"},{"taxonomy":"product_tag","embeddable":true,"href":"https:\/\/streetmarkets.fr\/app\/wp-json\/wp\/v2\/product_tag?post=3916331"}],"curies":[{"name":"wp","href":"https:\/\/api.w.org\/{rel}","templated":true}]}}