{"id":3916320,"date":"2026-04-09T00:43:06","date_gmt":"2026-04-08T22:43:06","guid":{"rendered":"https:\/\/streetmarkets.fr\/app\/produit\/barbara-bermuda-avec-revers-en-toile-stretch\/"},"modified":"2026-04-25T00:43:01","modified_gmt":"2026-04-24T22:43:01","slug":"barbara-bermuda-avec-revers-en-toile-stretch","status":"publish","type":"product","link":"https:\/\/streetmarkets.fr\/app\/produit\/barbara-bermuda-avec-revers-en-toile-stretch\/","title":{"rendered":"Barbara, Bermuda avec revers en toile stretch"},"content":{"rendered":"<p>Chic et \u00e9l\u00e9gant il se pare de nouvelles couleurs f\u00e9minine \u00e0 chaque saison, en toile stretch, il apporte souplesse et confort ainsi que long\u00e9vit\u00e9<\/p>\n<p>Le bermuda Barbara de la collection Le Glazik.<\/p>\n<p>Bermuda mode avec revers qui lui donne un look original et \u00e9l\u00e9gant. Fabriqu\u00e9 en toile strecth qui lui conf\u00e8re souplesse et aisance, il est tr\u00e8s confortable.<\/p>\n<p>Fait pour durer vous le retrouverez de saisons en saisons dans de nouvelles couleurs.<\/p>\n<h3>Description<\/h3>\n<p>Le bermuda femme Barbara de la Maison Le Glazik.<\/p>\n<p>En toile stretch, il apporte souplesse et confort dans les mouvements tout en gardant la robustesse et la long\u00e9vit\u00e9 des toiles de marins que Le Glazik utilise depuis 1928.<\/p>\n<p>Chic et \u00e9l\u00e9gant il acquiert de nouvelles couleurs \u00e0 chaque saison, pour le plus grand bonheur de nos clientes qui compl\u00e8tent leur &#8220;collection&#8221; chaque \u00e9t\u00e9.<\/p>\n<p>On retrouve dans ce bermuda : des poches italiennes (mais pas de poche arri\u00e8re) , bouton fantaisie sigl\u00e9 Le Glazik et la particularit\u00e9 de ce mod\u00e8le : des revers pour ajouter une touche mode, le d\u00e9tail qui termine le produit.<\/p>\n<p>Synth\u00e8se du confort et du style le bermuda femme Barbara est un incontournable de l&#8217;\u00e9t\u00e9 et se porte aussi bien en ville qu&#8217;en bord de mer.<\/p>\n<\/p>\n<h3>Composition<\/h3>\n<p>97% Coton<br \/>3% \u00c9lasthanne<\/p>\n<h3>Entretien<\/h3>\n<p>Laver s\u00e9par\u00e9ment<br \/>Laver sur l&#8217;envers<br \/>Essorage doux<\/p>\n","protected":false},"excerpt":{"rendered":"<p>Chic et \u00e9l\u00e9gant il se pare de nouvelles couleurs f\u00e9minine \u00e0 chaque saison, en toile stretch, il apporte souplesse et confort ainsi que long\u00e9vit\u00e9 Le bermuda Barbara de la collection Le Glazik. Bermuda mode avec revers qui lui donne un look original et \u00e9l\u00e9gant. Fabriqu\u00e9 en toile strecth qui lui conf\u00e8re souplesse et aisance, il [&hellip;]<\/p>\n","protected":false},"featured_media":3916321,"comment_status":"open","ping_status":"closed","template":"","meta":[],"product_brand":[],"product_cat":[],"product_tag":[],"acf":[],"_links":{"self":[{"href":"https:\/\/streetmarkets.fr\/app\/wp-json\/wp\/v2\/product\/3916320"}],"collection":[{"href":"https:\/\/streetmarkets.fr\/app\/wp-json\/wp\/v2\/product"}],"about":[{"href":"https:\/\/streetmarkets.fr\/app\/wp-json\/wp\/v2\/types\/product"}],"replies":[{"embeddable":true,"href":"https:\/\/streetmarkets.fr\/app\/wp-json\/wp\/v2\/comments?post=3916320"}],"wp:featuredmedia":[{"embeddable":true,"href":"https:\/\/streetmarkets.fr\/app\/wp-json\/wp\/v2\/media\/3916321"}],"wp:attachment":[{"href":"https:\/\/streetmarkets.fr\/app\/wp-json\/wp\/v2\/media?parent=3916320"}],"wp:term":[{"taxonomy":"product_brand","embeddable":true,"href":"https:\/\/streetmarkets.fr\/app\/wp-json\/wp\/v2\/product_brand?post=3916320"},{"taxonomy":"product_cat","embeddable":true,"href":"https:\/\/streetmarkets.fr\/app\/wp-json\/wp\/v2\/product_cat?post=3916320"},{"taxonomy":"product_tag","embeddable":true,"href":"https:\/\/streetmarkets.fr\/app\/wp-json\/wp\/v2\/product_tag?post=3916320"}],"curies":[{"name":"wp","href":"https:\/\/api.w.org\/{rel}","templated":true}]}}