{"id":3916287,"date":"2026-04-09T00:42:38","date_gmt":"2026-04-08T22:42:38","guid":{"rendered":"https:\/\/streetmarkets.fr\/app\/produit\/robe-en-coton-katsuragi-ecru\/"},"modified":"2026-05-07T00:42:30","modified_gmt":"2026-05-06T22:42:30","slug":"robe-en-coton-katsuragi-ecru","status":"publish","type":"product","link":"https:\/\/streetmarkets.fr\/app\/produit\/robe-en-coton-katsuragi-ecru\/","title":{"rendered":"Robe en coton KATSURAGI Ecru"},"content":{"rendered":"<p>La robe 100% coton KATSURAGI made in Japan en coloris Ecru<\/p>\n<p>D\u00e9couvrez la robe en toile coton Katsuragi de la marque Danton.<\/p>\n<\/p>\n<p>Cette robe est confectionn\u00e9e \u00e0 partir du tissu Katsuragi, offrant une texture douce gr\u00e2ce \u00e0 son fil chin\u00e9, vieillissant comme du denim.<\/p>\n<\/p>\n<p>Sa silhouette \u00e9vas\u00e9e en forme de A s&#8217;\u00e9largit doucement vers l&#8217;ourlet, ajoutant une touche de modernit\u00e9 tout en conservant des d\u00e9tails de style workwear.<\/p>\n<\/p>\n<p>Fabriqu\u00e9e \u00e0 100% en coton, cette robe incarne la qualit\u00e9 et le savoir-faire de Danton. Son design raffin\u00e9 en fait un choix polyvalent pour diverses occasions.<\/p>\n<\/p>\n<p>La robe Katsuragi de Danton, fabriqu\u00e9e au Japon, allie confort et style avec \u00e9l\u00e9gance. Commandez-la d\u00e8s maintenant pour une tenue tendance et d\u00e9contract\u00e9e.<\/p>\n","protected":false},"excerpt":{"rendered":"<p>La robe 100% coton KATSURAGI made in Japan en coloris Ecru D\u00e9couvrez la robe en toile coton Katsuragi de la marque Danton. Cette robe est confectionn\u00e9e \u00e0 partir du tissu Katsuragi, offrant une texture douce gr\u00e2ce \u00e0 son fil chin\u00e9, vieillissant comme du denim. Sa silhouette \u00e9vas\u00e9e en forme de A s&#8217;\u00e9largit doucement vers l&#8217;ourlet, [&hellip;]<\/p>\n","protected":false},"featured_media":3916288,"comment_status":"open","ping_status":"closed","template":"","meta":[],"product_brand":[],"product_cat":[],"product_tag":[],"acf":[],"_links":{"self":[{"href":"https:\/\/streetmarkets.fr\/app\/wp-json\/wp\/v2\/product\/3916287"}],"collection":[{"href":"https:\/\/streetmarkets.fr\/app\/wp-json\/wp\/v2\/product"}],"about":[{"href":"https:\/\/streetmarkets.fr\/app\/wp-json\/wp\/v2\/types\/product"}],"replies":[{"embeddable":true,"href":"https:\/\/streetmarkets.fr\/app\/wp-json\/wp\/v2\/comments?post=3916287"}],"wp:featuredmedia":[{"embeddable":true,"href":"https:\/\/streetmarkets.fr\/app\/wp-json\/wp\/v2\/media\/3916288"}],"wp:attachment":[{"href":"https:\/\/streetmarkets.fr\/app\/wp-json\/wp\/v2\/media?parent=3916287"}],"wp:term":[{"taxonomy":"product_brand","embeddable":true,"href":"https:\/\/streetmarkets.fr\/app\/wp-json\/wp\/v2\/product_brand?post=3916287"},{"taxonomy":"product_cat","embeddable":true,"href":"https:\/\/streetmarkets.fr\/app\/wp-json\/wp\/v2\/product_cat?post=3916287"},{"taxonomy":"product_tag","embeddable":true,"href":"https:\/\/streetmarkets.fr\/app\/wp-json\/wp\/v2\/product_tag?post=3916287"}],"curies":[{"name":"wp","href":"https:\/\/api.w.org\/{rel}","templated":true}]}}