{"id":3911337,"date":"2026-04-08T02:08:51","date_gmt":"2026-04-08T00:08:51","guid":{"rendered":"https:\/\/streetmarkets.fr\/app\/produit\/labo-art-dress-abito-diego-clara-atlantico\/"},"modified":"2026-05-06T02:06:44","modified_gmt":"2026-05-06T00:06:44","slug":"labo-art-dress-abito-diego-clara-atlantico","status":"publish","type":"product","link":"https:\/\/streetmarkets.fr\/app\/produit\/labo-art-dress-abito-diego-clara-atlantico\/","title":{"rendered":"LABO ART Dress ABITO DIEGO Clara Atlantico"},"content":{"rendered":"<p><b>Cr\u00e9ateur :<\/b> Labo Art, Italie<\/p>\n<p><b>R\u00e9alisation : <\/b><span class=\"Y2IQFc\" lang=\"fr\">Robe longue sans manches et col polo<\/span><\/p>\n<p><span class=\"Y2IQFc\" lang=\"fr\">100 % Coton<\/span><\/p>\n<p>La production de Labo.Art r\u00e9pond aux normes les plus \u00e9lev\u00e9es du \u00ab Made in Italy \u00bb.<\/p>\n<p><em>Detail : <span class=\"Y2IQFc\" lang=\"en\">Long sleeveless dress with polo collar<\/span><\/em><\/p>\n<p><em>Labo.Art\u2019s production meets the highest standards of \u201c Made in Italy \u201d.<\/em><\/p>\n","protected":false},"excerpt":{"rendered":"<p>Cr\u00e9ateur : Labo Art, Italie R\u00e9alisation : Robe longue sans manches et col polo 100 % Coton La production de Labo.Art r\u00e9pond aux normes les plus \u00e9lev\u00e9es du \u00ab Made in Italy \u00bb. Detail : Long sleeveless dress with polo collar Labo.Art\u2019s production meets the highest standards of \u201c Made in Italy \u201d.<\/p>\n","protected":false},"featured_media":3911338,"comment_status":"open","ping_status":"closed","template":"","meta":[],"product_brand":[],"product_cat":[],"product_tag":[],"acf":[],"_links":{"self":[{"href":"https:\/\/streetmarkets.fr\/app\/wp-json\/wp\/v2\/product\/3911337"}],"collection":[{"href":"https:\/\/streetmarkets.fr\/app\/wp-json\/wp\/v2\/product"}],"about":[{"href":"https:\/\/streetmarkets.fr\/app\/wp-json\/wp\/v2\/types\/product"}],"replies":[{"embeddable":true,"href":"https:\/\/streetmarkets.fr\/app\/wp-json\/wp\/v2\/comments?post=3911337"}],"wp:featuredmedia":[{"embeddable":true,"href":"https:\/\/streetmarkets.fr\/app\/wp-json\/wp\/v2\/media\/3911338"}],"wp:attachment":[{"href":"https:\/\/streetmarkets.fr\/app\/wp-json\/wp\/v2\/media?parent=3911337"}],"wp:term":[{"taxonomy":"product_brand","embeddable":true,"href":"https:\/\/streetmarkets.fr\/app\/wp-json\/wp\/v2\/product_brand?post=3911337"},{"taxonomy":"product_cat","embeddable":true,"href":"https:\/\/streetmarkets.fr\/app\/wp-json\/wp\/v2\/product_cat?post=3911337"},{"taxonomy":"product_tag","embeddable":true,"href":"https:\/\/streetmarkets.fr\/app\/wp-json\/wp\/v2\/product_tag?post=3911337"}],"curies":[{"name":"wp","href":"https:\/\/api.w.org\/{rel}","templated":true}]}}