{"id":3911152,"date":"2026-04-08T01:51:52","date_gmt":"2026-04-07T23:51:52","guid":{"rendered":"https:\/\/streetmarkets.fr\/app\/produit\/grand-foulard-fauve-latte-byzantine\/"},"modified":"2026-05-08T01:51:43","modified_gmt":"2026-05-07T23:51:43","slug":"grand-foulard-fauve-latte-byzantine","status":"publish","type":"product","link":"https:\/\/streetmarkets.fr\/app\/produit\/grand-foulard-fauve-latte-byzantine\/","title":{"rendered":"Grand foulard Fauve Latte &#8211; Byzantine"},"content":{"rendered":"<p>Foulard Indien 100x100cm \u00a0<br \/>Foulard imprim\u00e9 artisanalement dans un atelier\u00a0du nord de l&#8217;Inde, au Rajasthan.<\/p>\n<p>L&#8217;impression se fait selon le savoir-faire traditionnel de l\u2019impression au block-print, ces tampons de bois taill\u00e9s et sculpt\u00e9s \u00e0 la main, tremp\u00e9s dans des encres d\u2019origine v\u00e9g\u00e9tale et appos\u00e9s manuellement sur le tissu, en plusieurs couches, avec une ma\u00eetrise \u00e9poustouflante.<\/p>\n<p>Des irr\u00e9gularit\u00e9s d\u2019impression et des nuances de couleurs sont visibles et refl\u00e8tent la beaut\u00e9 de ce travail artisanal traditionnel. Chaque pi\u00e8ce est donc unique !\u00a0<\/p>\n<p><span>100% twill de coton indien, ultra doux et l\u00e9ger, id\u00e9al pour toutes les saisons.<\/span><\/p>\n<ul>\n<li>1\u00e8re utilisation : laver s\u00e9par\u00e9ment votre foulard et utiliser une lingette anti-d\u00e9coloration<\/li>\n<li>Privil\u00e9gier un lavage \u00e0 la main (sans trempage) ou en machine \u00e0 30\u00b0c ou \u00e0 froid (programme d\u00e9licat)<\/li>\n<li>Utiliser une lessive pour linge d\u00e9licat ou du savon de Marseille<\/li>\n<li>Pas de s\u00e9chage en machine<\/li>\n<\/ul>\n","protected":false},"excerpt":{"rendered":"<p>Foulard Indien 100x100cm \u00a0Foulard imprim\u00e9 artisanalement dans un atelier\u00a0du nord de l&#8217;Inde, au Rajasthan. L&#8217;impression se fait selon le savoir-faire traditionnel de l\u2019impression au block-print, ces tampons de bois taill\u00e9s et sculpt\u00e9s \u00e0 la main, tremp\u00e9s dans des encres d\u2019origine v\u00e9g\u00e9tale et appos\u00e9s manuellement sur le tissu, en plusieurs couches, avec une ma\u00eetrise \u00e9poustouflante. Des [&hellip;]<\/p>\n","protected":false},"featured_media":3911153,"comment_status":"open","ping_status":"closed","template":"","meta":[],"product_brand":[],"product_cat":[],"product_tag":[],"acf":[],"_links":{"self":[{"href":"https:\/\/streetmarkets.fr\/app\/wp-json\/wp\/v2\/product\/3911152"}],"collection":[{"href":"https:\/\/streetmarkets.fr\/app\/wp-json\/wp\/v2\/product"}],"about":[{"href":"https:\/\/streetmarkets.fr\/app\/wp-json\/wp\/v2\/types\/product"}],"replies":[{"embeddable":true,"href":"https:\/\/streetmarkets.fr\/app\/wp-json\/wp\/v2\/comments?post=3911152"}],"wp:featuredmedia":[{"embeddable":true,"href":"https:\/\/streetmarkets.fr\/app\/wp-json\/wp\/v2\/media\/3911153"}],"wp:attachment":[{"href":"https:\/\/streetmarkets.fr\/app\/wp-json\/wp\/v2\/media?parent=3911152"}],"wp:term":[{"taxonomy":"product_brand","embeddable":true,"href":"https:\/\/streetmarkets.fr\/app\/wp-json\/wp\/v2\/product_brand?post=3911152"},{"taxonomy":"product_cat","embeddable":true,"href":"https:\/\/streetmarkets.fr\/app\/wp-json\/wp\/v2\/product_cat?post=3911152"},{"taxonomy":"product_tag","embeddable":true,"href":"https:\/\/streetmarkets.fr\/app\/wp-json\/wp\/v2\/product_tag?post=3911152"}],"curies":[{"name":"wp","href":"https:\/\/api.w.org\/{rel}","templated":true}]}}