{"id":3901021,"date":"2026-04-05T08:40:22","date_gmt":"2026-04-05T06:40:22","guid":{"rendered":"https:\/\/streetmarkets.fr\/app\/produit\/bracelet-tara-pierre-de-lune-dag-gioelli\/"},"modified":"2026-05-05T08:40:40","modified_gmt":"2026-05-05T06:40:40","slug":"bracelet-tara-pierre-de-lune-dag-gioelli","status":"publish","type":"product","link":"https:\/\/streetmarkets.fr\/app\/produit\/bracelet-tara-pierre-de-lune-dag-gioelli\/","title":{"rendered":"Bracelet Tara pierre de lune &#8211; Dag Gioelli"},"content":{"rendered":"<p>Nouveau mod\u00e8le !\u00a0<\/p>\n<p>Bracelet compos\u00e9 d&#8217;un tissage d&#8217;une largeur de 1cm en argent dor\u00e9 et orn\u00e9 de 2 rang\u00e9es de pierres fines rondes et d&#8217;une serie de pierres plus importantes en son centre.\u00a0<\/p>\n<p>Pierre de lune blanche\u00a0<\/p>\n<p>Fermeture avec fermoir et cha\u00eene de r\u00e9glage\u00a0<\/p>\n<p>Esprit boh\u00e8me chic avec un magnifique travail artisanal.<\/p>\n<p>Les bijoux sont imagin\u00e9s et fabriqu\u00e9s en Italie dans l&#8217;atelier familial de Valentina.\u00a0<\/p>\n<p><\/p>\n","protected":false},"excerpt":{"rendered":"<p>Nouveau mod\u00e8le !\u00a0 Bracelet compos\u00e9 d&#8217;un tissage d&#8217;une largeur de 1cm en argent dor\u00e9 et orn\u00e9 de 2 rang\u00e9es de pierres fines rondes et d&#8217;une serie de pierres plus importantes en son centre.\u00a0 Pierre de lune blanche\u00a0 Fermeture avec fermoir et cha\u00eene de r\u00e9glage\u00a0 Esprit boh\u00e8me chic avec un magnifique travail artisanal. Les bijoux sont [&hellip;]<\/p>\n","protected":false},"featured_media":3901022,"comment_status":"open","ping_status":"closed","template":"","meta":[],"product_brand":[],"product_cat":[],"product_tag":[],"acf":[],"_links":{"self":[{"href":"https:\/\/streetmarkets.fr\/app\/wp-json\/wp\/v2\/product\/3901021"}],"collection":[{"href":"https:\/\/streetmarkets.fr\/app\/wp-json\/wp\/v2\/product"}],"about":[{"href":"https:\/\/streetmarkets.fr\/app\/wp-json\/wp\/v2\/types\/product"}],"replies":[{"embeddable":true,"href":"https:\/\/streetmarkets.fr\/app\/wp-json\/wp\/v2\/comments?post=3901021"}],"wp:featuredmedia":[{"embeddable":true,"href":"https:\/\/streetmarkets.fr\/app\/wp-json\/wp\/v2\/media\/3901022"}],"wp:attachment":[{"href":"https:\/\/streetmarkets.fr\/app\/wp-json\/wp\/v2\/media?parent=3901021"}],"wp:term":[{"taxonomy":"product_brand","embeddable":true,"href":"https:\/\/streetmarkets.fr\/app\/wp-json\/wp\/v2\/product_brand?post=3901021"},{"taxonomy":"product_cat","embeddable":true,"href":"https:\/\/streetmarkets.fr\/app\/wp-json\/wp\/v2\/product_cat?post=3901021"},{"taxonomy":"product_tag","embeddable":true,"href":"https:\/\/streetmarkets.fr\/app\/wp-json\/wp\/v2\/product_tag?post=3901021"}],"curies":[{"name":"wp","href":"https:\/\/api.w.org\/{rel}","templated":true}]}}