{"id":3896132,"date":"2026-04-05T01:51:42","date_gmt":"2026-04-04T23:51:42","guid":{"rendered":"https:\/\/streetmarkets.fr\/app\/produit\/trousse-a-maquillage-de-toilette-bisous\/"},"modified":"2026-05-08T01:51:43","modified_gmt":"2026-05-07T23:51:43","slug":"trousse-a-maquillage-de-toilette-bisous","status":"publish","type":"product","link":"https:\/\/streetmarkets.fr\/app\/produit\/trousse-a-maquillage-de-toilette-bisous\/","title":{"rendered":"Trousse \u00e0 maquillage &#8211; de toilette &#8211; bisous"},"content":{"rendered":"<div data-test-id=\"accordion-text\" class=\"sc-ceccfca5-0 fangtJ\">\n<p class=\"f_t_base f_t_color f_t_paragraphSansRegular\">Caract\u00e9ristiques du produit<\/p>\n<p class=\"f_t_base f_t_color f_t_paragraphSansRegular\">* Taille approximative H 8 x L 21 x P 7 cm<\/p>\n<p class=\"f_t_base f_t_color f_t_paragraphSansRegular\">* Fabriqu\u00e9 \u00e0 100 % en polyester matelass\u00e9<\/p>\n<p class=\"f_t_base f_t_color f_t_paragraphSansRegular\">* Doublure contrast\u00e9e imprim\u00e9e<\/p>\n<p class=\"f_t_base f_t_color f_t_paragraphSansRegular\">* Fermeture \u00e9clair dor\u00e9e<\/p>\n<p class=\"f_t_base f_t_color f_t_paragraphSansRegular\">* Lavable en machine \u00e0 30 degr\u00e9s<\/p>\n<\/div>\n","protected":false},"excerpt":{"rendered":"<p>Caract\u00e9ristiques du produit * Taille approximative H 8 x L 21 x P 7 cm * Fabriqu\u00e9 \u00e0 100 % en polyester matelass\u00e9 * Doublure contrast\u00e9e imprim\u00e9e * Fermeture \u00e9clair dor\u00e9e * Lavable en machine \u00e0 30 degr\u00e9s<\/p>\n","protected":false},"featured_media":3896133,"comment_status":"open","ping_status":"closed","template":"","meta":[],"product_brand":[],"product_cat":[],"product_tag":[],"acf":[],"_links":{"self":[{"href":"https:\/\/streetmarkets.fr\/app\/wp-json\/wp\/v2\/product\/3896132"}],"collection":[{"href":"https:\/\/streetmarkets.fr\/app\/wp-json\/wp\/v2\/product"}],"about":[{"href":"https:\/\/streetmarkets.fr\/app\/wp-json\/wp\/v2\/types\/product"}],"replies":[{"embeddable":true,"href":"https:\/\/streetmarkets.fr\/app\/wp-json\/wp\/v2\/comments?post=3896132"}],"wp:featuredmedia":[{"embeddable":true,"href":"https:\/\/streetmarkets.fr\/app\/wp-json\/wp\/v2\/media\/3896133"}],"wp:attachment":[{"href":"https:\/\/streetmarkets.fr\/app\/wp-json\/wp\/v2\/media?parent=3896132"}],"wp:term":[{"taxonomy":"product_brand","embeddable":true,"href":"https:\/\/streetmarkets.fr\/app\/wp-json\/wp\/v2\/product_brand?post=3896132"},{"taxonomy":"product_cat","embeddable":true,"href":"https:\/\/streetmarkets.fr\/app\/wp-json\/wp\/v2\/product_cat?post=3896132"},{"taxonomy":"product_tag","embeddable":true,"href":"https:\/\/streetmarkets.fr\/app\/wp-json\/wp\/v2\/product_tag?post=3896132"}],"curies":[{"name":"wp","href":"https:\/\/api.w.org\/{rel}","templated":true}]}}